{"id":115,"date":"2021-06-10T11:03:45","date_gmt":"2021-06-10T09:03:45","guid":{"rendered":"http:\/\/club95-stv-fsg.ch.zeppelin.ch-meta.net\/?page_id=115"},"modified":"2024-05-13T15:44:55","modified_gmt":"2024-05-13T13:44:55","slug":"clubgeschichte","status":"publish","type":"page","link":"https:\/\/club95-stv-fsg.ch\/fr\/club95\/clubgeschichte\/","title":{"rendered":"histoire"},"content":{"rendered":"<h1>\n\t\t\tClub&#8217;95 &#8211; Die Geschichte kurz zusammengefasst\n\t\t<\/h1>\n\t\t\t<p>In der STV Verbandsplanung 1993 &#8211; 1997 war als Projekt vorgesehen: \u201eGr\u00fcndung eines STV-Donatoren-Clubs&#8220;. Begr\u00fcndet wurde dieses Projekt damit, dass viele Sportverb\u00e4nde und Sportvereine Donatoren- und G\u00f6nnerclubs h\u00e4tten. Als Zweck des Clubs wurde vorgegeben, die F\u00f6rderung und Verbreitung des Turnens in der Schweiz. Der G\u00f6nnerclub soll den STV sowohl in ideeller als auch materieller Hinsicht unterst\u00fctzen.Als damaliges Mitglied im Zentralvorstand wurde Dr. August Stolz die Projektleitung \u00fcbertragen. Als Mitdenker und Mitglied in die Projektgruppe holte er sich von allem Anfang an Hansruedi Neeser mit ins Boot. Mit ihm hatte er w\u00e4hrend der gemeinsamen Zeit im Zentralvorstand (noch unter dem Pr\u00e4sidium von Rita Elsener) solche Ideen diskutiert. Ebenfalls mit dabei war zu diesem Zeitpunkt Hans Huber.Nachdem der Zentralvorstand das Projekt gutgeheissen hatte, wurde an der AV-STV vom 23. Oktober 1993 in Bassecourt das Patronatskomitee vorgestellt. 30 Pers\u00f6nlichkeiten aus Politik, Wirtschaft und Sport mit bekannten Namen wie Bundesrat Georges-Andr\u00e9 Chevallaz, Jack G\u00fcnthard, St\u00e4nder\u00e4te Monica Weber ZH, Ernst R\u00fcesch SG, Otto Schoch AR und Robert B\u00fchler LU, Nationalr\u00e4te Elisabeth Z\u00f6lch BE, Karl Tschuppert LU, Hansueli Raggenbass TG und Edgar Oehler SG, Peter Sp\u00e4lti, Verwaltungsratspr\u00e4sident der Winterthur Versicherungen und Hans Wicki, Pr\u00e4sident von Coop Schweiz usw.Die Anfangsbegeisterung wich bald einer \u201eErn\u00fcchterung&#8220;. Das erkl\u00e4rte Ziel, bis Herbst 1994 25 Mitglieder zu finden, die bereit sind, einen Clubbeitrag von 5&#8217;000 Franken zu bezahlen, erwies sich als unrealistisch. Und trotzdem wurde am 1. September 1995 in der geschichtstr\u00e4chtigen \u201eTurnerstube&#8220; in Sursee der \u201e200-er Club STV&#8220; gegr\u00fcndet. Ziel war damals mit dem Namen \u00ab200er-Club STV\u00bb auch die Erreichung von maximal 200 Mitgliedern.\u00a0Erst als auf Vorschlag des neu in den Vorstand gew\u00e4hlten ehemaligen eidgen\u00f6ssischen Oberturners Walter Bosshard, der Mitgliederbeitrag von 500 auf 300 Franken und der Beitrag f\u00fcr G\u00f6nner auf mindestens 3&#8217;000 Franken reduziert wurde stieg die Mitgliederzahl langsam aber stetig an. Gleichzeitig wurde der Clubname in \u201eClub 95&#8243; (entsprechend dem Gr\u00fcndungsjahr) ge\u00e4ndert und die maximale Mitgliederzahl auf vorerst 95 fixiert. Sp\u00e4ter wurde, nachdem die 100er-Grenze an Mitgliedern \u00fcberschritten wurde (dies passierte erstmals im Jahr 2009), die Mitgliederzahl auf 120 erh\u00f6ht.\u00a0Die G\u00f6nnerakquisition bleibt f\u00fcr den Club&#8217;95 eine stete Herausforderung. Es gelang zwar immer wieder, Pers\u00f6nlichkeiten und Institutionen zu finden, die den j\u00e4hrlichen Betrag von CHF 3&#8217;000 bezahlten. Todesf\u00e4lle und die nicht einfache Wirtschaftssituation f\u00fchrte jedoch immer wieder zu Abg\u00e4ngen, die nicht mehr ersetzt werden konnten.Gem\u00e4ss den Statuten bezweckt der Club die F\u00f6rderung und Unterst\u00fctzung des Turnens in der Schweiz sowohl in ideeller als auch in materieller Hinsicht. Allerdings sieht sich der Club nicht als \u201enormaler Sponsor&#8220; &#8211; dazu w\u00e4ren die finanziellen Mittel zu klein. Der Club unterst\u00fctzt Aktivit\u00e4ten welche die Sportart Turnen weiterentwickeln und f\u00f6rdern. In diesem Sinne und als Beispiele unterst\u00fctzte der Club den STV \u201eJugend an der Gymnaestrada&#8220; 2015 und 2019 mit Total 50&#8217;000 Franken. Weiter wurde die Schaffung der Swiss-Cup-Trophy durch den K\u00fcnstler Stefan Schmidlin mit 17&#8217;500 Franken erm\u00f6glicht. Unterst\u00fctzung erhielten auch diverse Turnanl\u00e4sse und Kunstturnhallenprojekte.Ein bereits seit vielen Jahren laufendes Projekt ist der \u201eTurnertrunk&#8220;. Zu reellen Preisen offeriert der Club einen H\u00fcntwangner \u00abPinot noir Barrique\u00bb sowie einen \u00abPinot gris\u00bb (vorher \u00abChardonnay\u00bb). Die Weinflaschen tragen die Original Club-Etikette der STV-Fahne als Blickfang. Die hervorragenden Weine eignen sich ausgezeichnet f\u00fcr Geschenke und Pr\u00e4sente f\u00fcr Turnerinnen und Turner.\u00a0Zur Pflege der Kameradschaft f\u00fchrt der Club ein Jahresprogramm durch, zu dem insbesondere der Besuch von sportlichen Highlights wie der Swiss Cup Z\u00fcrich oder die Gymotion geh\u00f6ren.\u00a0Heute darf festgestellt werden, dass sich das Projekt aus der Verbandsplanung 1993 bis 1997 erfreulich entwickelt hat und sich der Club gut in die grosse und vielf\u00e4ltige STV-Organisation einf\u00fcgt.<\/p>\t\t\n\t\t<h4>\n\t\t\tConseil de l'\u00e9poque\n\t\t<\/h4>\n\t\t\tPhoto de gauche<br \/>\nHeinz Glaus, G\u00fcst Stolz, Hansruedi Neeser, Walter Bosshard\nDr. August \u00abG\u00fcst\u00bb Stolz und Hansruedi Neeser sind leider beide im Jahr 2015 verstorben.<br \/>\nWalter Bosshard verstarb im Dezember 2022.\n\t\t\t\t\t\t\t\t\t<img decoding=\"async\" src=\"https:\/\/club95-stv-fsg.ch.zeppelin.ch-meta.net\/wp-content\/uploads\/2021\/08\/club95_vortand_2005.jpg\" alt=\"club95_vortand_2005\" itemprop=\"image\" srcset=\"https:\/\/club95-stv-fsg.ch\/wp-content\/uploads\/2021\/08\/club95_vortand_2005.jpg 911w, https:\/\/club95-stv-fsg.ch\/wp-content\/uploads\/2021\/08\/club95_vortand_2005-300x217.jpg 300w, https:\/\/club95-stv-fsg.ch\/wp-content\/uploads\/2021\/08\/club95_vortand_2005-768x556.jpg 768w, https:\/\/club95-stv-fsg.ch\/wp-content\/uploads\/2021\/08\/club95_vortand_2005-18x12.jpg 18w, https:\/\/club95-stv-fsg.ch\/wp-content\/uploads\/2021\/08\/club95_vortand_2005-600x434.jpg 600w\" sizes=\"(max-width: 911px) 100vw, 911px\" title=\"club95_vortand_2005\" onerror=\"this.style.display='none'\"  \/>\n\t\t\t<a href=\"https:\/\/club95-stv-fsg.ch\/fr\/news\/\" target=\"_self\" rel=\"noopener\">\n\t\t<h3>News<\/h3>\n\t\t\t<p>Aktuelles aus dem Clubleben!<\/p>\t\t\n\t\t<\/a>\n\t<a href=\"https:\/\/club95-stv-fsg.ch\/wp-content\/uploads\/2021\/07\/Tagungsprotokoll-Club95-im-1995.pdf\" target=\"_blank\" role=\"button\" rel=\"noopener\" aria-label=\"Tagungsprotokoll der Gr\u00fcndung\">\n\t\t\t\t\t\tTagungsprotokoll der Gr\u00fcndung\n\t\t\t\t\t<\/a>\n\t<a href=\"https:\/\/club95-stv-fsg.ch\/wp-content\/uploads\/2024\/05\/club95_clubversammlungen_verzeichnis.pdf\" target=\"_blank\" role=\"button\" rel=\"noopener\" aria-label=\"Clubversammlungen\">\n\t\t\t\t\t\tClubversammlungen\n\t\t\t\t\t<\/a>\n\t<a href=\"https:\/\/club95-stv-fsg.ch\/wp-content\/uploads\/2021\/07\/CLUB95-Chronik.pdf\" target=\"_blank\" role=\"button\" rel=\"noopener\" aria-label=\"Chronik 20 Jahre\">\n\t\t\t\t\t\tChronik 20 Jahre\n\t\t\t\t\t<\/a>\n\t<a href=\"https:\/\/club95-stv-fsg.ch\/wp-content\/uploads\/2021\/09\/Chronik-2016-2020.pdf\" target=\"_blank\" role=\"button\" rel=\"noopener\" aria-label=\"Chronik 25 Jahre (die letzten 5 Jahre)\">\n\t\t\t\t\t\tChronik 25 Jahre (die letzten 5 Jahre)\n\t\t\t\t\t<\/a>","protected":false},"excerpt":{"rendered":"<p>Club&#8217;95 &#8211; Die Geschichte kurz zusammengefasst In der STV Verbandsplanung 1993 &#8211; 1997 war als Projekt vorgesehen: \u201eGr\u00fcndung eines STV-Donatoren-Clubs&#8220;. Begr\u00fcndet wurde dieses Projekt damit, dass viele Sportverb\u00e4nde und Sportvereine Donatoren- und G\u00f6nnerclubs h\u00e4tten. Als Zweck des Clubs wurde vorgegeben, die F\u00f6rderung und Verbreitung des Turnens in der Schweiz. Der G\u00f6nnerclub soll den STV sowohl&hellip;<\/p>","protected":false},"author":1,"featured_media":0,"parent":76,"menu_order":0,"comment_status":"closed","ping_status":"closed","template":"","meta":{"footnotes":""},"class_list":["post-115","page","type-page","status-publish","hentry"],"yoast_head":"<!-- This site is optimized with the Yoast SEO plugin v27.4 - https:\/\/yoast.com\/product\/yoast-seo-wordpress\/ -->\n<title>Clubgeschichte - Club 95<\/title>\n<meta name=\"description\" content=\"Der Club&#039;95 wurde 1995 gegr\u00fcndet. Sie finden hier Geschichte, Tagungsprotokoll und die Chronik der ersten 20 Jahre.\" \/>\n<meta name=\"robots\" content=\"index, follow, max-snippet:-1, max-image-preview:large, max-video-preview:-1\" \/>\n<link rel=\"canonical\" href=\"https:\/\/club95-stv-fsg.ch\/fr\/club95\/clubgeschichte\/\" \/>\n<meta property=\"og:locale\" content=\"fr_FR\" \/>\n<meta property=\"og:type\" content=\"article\" \/>\n<meta property=\"og:title\" content=\"Clubgeschichte - Club 95\" \/>\n<meta property=\"og:description\" content=\"Der Club&#039;95 wurde 1995 gegr\u00fcndet. Sie finden hier Geschichte, Tagungsprotokoll und die Chronik der ersten 20 Jahre.\" \/>\n<meta property=\"og:url\" content=\"https:\/\/club95-stv-fsg.ch\/fr\/club95\/clubgeschichte\/\" \/>\n<meta property=\"og:site_name\" content=\"Club 95\" \/>\n<meta property=\"article:modified_time\" content=\"2024-05-13T13:44:55+00:00\" \/>\n<meta property=\"og:image\" content=\"https:\/\/club95-stv-fsg.ch.zeppelin.ch-meta.net\/wp-content\/uploads\/2021\/08\/club95_vortand_2005.jpg\" \/>\n<meta name=\"twitter:card\" content=\"summary_large_image\" \/>\n<meta name=\"twitter:label1\" content=\"Dur\u00e9e de lecture estim\u00e9e\" \/>\n\t<meta name=\"twitter:data1\" content=\"3 minutes\" \/>\n<script type=\"application\/ld+json\" class=\"yoast-schema-graph\">{\"@context\":\"https:\\\/\\\/schema.org\",\"@graph\":[{\"@type\":\"WebPage\",\"@id\":\"https:\\\/\\\/club95-stv-fsg.ch\\\/club95\\\/clubgeschichte\\\/\",\"url\":\"https:\\\/\\\/club95-stv-fsg.ch\\\/club95\\\/clubgeschichte\\\/\",\"name\":\"Clubgeschichte - Club 95\",\"isPartOf\":{\"@id\":\"https:\\\/\\\/club95-stv-fsg.ch\\\/#website\"},\"primaryImageOfPage\":{\"@id\":\"https:\\\/\\\/club95-stv-fsg.ch\\\/club95\\\/clubgeschichte\\\/#primaryimage\"},\"image\":{\"@id\":\"https:\\\/\\\/club95-stv-fsg.ch\\\/club95\\\/clubgeschichte\\\/#primaryimage\"},\"thumbnailUrl\":\"https:\\\/\\\/club95-stv-fsg.ch.zeppelin.ch-meta.net\\\/wp-content\\\/uploads\\\/2021\\\/08\\\/club95_vortand_2005.jpg\",\"datePublished\":\"2021-06-10T09:03:45+00:00\",\"dateModified\":\"2024-05-13T13:44:55+00:00\",\"description\":\"Der Club'95 wurde 1995 gegr\u00fcndet. Sie finden hier Geschichte, Tagungsprotokoll und die Chronik der ersten 20 Jahre.\",\"breadcrumb\":{\"@id\":\"https:\\\/\\\/club95-stv-fsg.ch\\\/club95\\\/clubgeschichte\\\/#breadcrumb\"},\"inLanguage\":\"fr-FR\",\"potentialAction\":[{\"@type\":\"ReadAction\",\"target\":[\"https:\\\/\\\/club95-stv-fsg.ch\\\/club95\\\/clubgeschichte\\\/\"]}]},{\"@type\":\"ImageObject\",\"inLanguage\":\"fr-FR\",\"@id\":\"https:\\\/\\\/club95-stv-fsg.ch\\\/club95\\\/clubgeschichte\\\/#primaryimage\",\"url\":\"https:\\\/\\\/club95-stv-fsg.ch.zeppelin.ch-meta.net\\\/wp-content\\\/uploads\\\/2021\\\/08\\\/club95_vortand_2005.jpg\",\"contentUrl\":\"https:\\\/\\\/club95-stv-fsg.ch.zeppelin.ch-meta.net\\\/wp-content\\\/uploads\\\/2021\\\/08\\\/club95_vortand_2005.jpg\"},{\"@type\":\"BreadcrumbList\",\"@id\":\"https:\\\/\\\/club95-stv-fsg.ch\\\/club95\\\/clubgeschichte\\\/#breadcrumb\",\"itemListElement\":[{\"@type\":\"ListItem\",\"position\":1,\"name\":\"Home\",\"item\":\"https:\\\/\\\/club95-stv-fsg.ch\\\/\"},{\"@type\":\"ListItem\",\"position\":2,\"name\":\"Club&#8217;95\",\"item\":\"https:\\\/\\\/club95-stv-fsg.ch\\\/club95\\\/\"},{\"@type\":\"ListItem\",\"position\":3,\"name\":\"Clubgeschichte\"}]},{\"@type\":\"WebSite\",\"@id\":\"https:\\\/\\\/club95-stv-fsg.ch\\\/#website\",\"url\":\"https:\\\/\\\/club95-stv-fsg.ch\\\/\",\"name\":\"Club 95\",\"description\":\"Club\u201995 ist der G\u00f6nner-Club des STV \\\/ FSG\",\"publisher\":{\"@id\":\"https:\\\/\\\/club95-stv-fsg.ch\\\/#organization\"},\"potentialAction\":[{\"@type\":\"SearchAction\",\"target\":{\"@type\":\"EntryPoint\",\"urlTemplate\":\"https:\\\/\\\/club95-stv-fsg.ch\\\/?s={search_term_string}\"},\"query-input\":{\"@type\":\"PropertyValueSpecification\",\"valueRequired\":true,\"valueName\":\"search_term_string\"}}],\"inLanguage\":\"fr-FR\"},{\"@type\":\"Organization\",\"@id\":\"https:\\\/\\\/club95-stv-fsg.ch\\\/#organization\",\"name\":\"Club'95\",\"url\":\"https:\\\/\\\/club95-stv-fsg.ch\\\/\",\"logo\":{\"@type\":\"ImageObject\",\"inLanguage\":\"fr-FR\",\"@id\":\"https:\\\/\\\/club95-stv-fsg.ch\\\/#\\\/schema\\\/logo\\\/image\\\/\",\"url\":\"https:\\\/\\\/club95-stv-fsg.ch\\\/wp-content\\\/uploads\\\/2021\\\/06\\\/Logo-Club95-web.jpg\",\"contentUrl\":\"https:\\\/\\\/club95-stv-fsg.ch\\\/wp-content\\\/uploads\\\/2021\\\/06\\\/Logo-Club95-web.jpg\",\"width\":600,\"height\":189,\"caption\":\"Club'95\"},\"image\":{\"@id\":\"https:\\\/\\\/club95-stv-fsg.ch\\\/#\\\/schema\\\/logo\\\/image\\\/\"}}]}<\/script>\n<!-- \/ Yoast SEO plugin. -->","yoast_head_json":{"title":"Clubgeschichte - Club 95","description":"Der Club'95 wurde 1995 gegr\u00fcndet. Sie finden hier Geschichte, Tagungsprotokoll und die Chronik der ersten 20 Jahre.","robots":{"index":"index","follow":"follow","max-snippet":"max-snippet:-1","max-image-preview":"max-image-preview:large","max-video-preview":"max-video-preview:-1"},"canonical":"https:\/\/club95-stv-fsg.ch\/fr\/club95\/clubgeschichte\/","og_locale":"fr_FR","og_type":"article","og_title":"Clubgeschichte - Club 95","og_description":"Der Club'95 wurde 1995 gegr\u00fcndet. Sie finden hier Geschichte, Tagungsprotokoll und die Chronik der ersten 20 Jahre.","og_url":"https:\/\/club95-stv-fsg.ch\/fr\/club95\/clubgeschichte\/","og_site_name":"Club 95","article_modified_time":"2024-05-13T13:44:55+00:00","og_image":[{"url":"https:\/\/club95-stv-fsg.ch.zeppelin.ch-meta.net\/wp-content\/uploads\/2021\/08\/club95_vortand_2005.jpg","type":"","width":"","height":""}],"twitter_card":"summary_large_image","twitter_misc":{"Dur\u00e9e de lecture estim\u00e9e":"3 minutes"},"schema":{"@context":"https:\/\/schema.org","@graph":[{"@type":"WebPage","@id":"https:\/\/club95-stv-fsg.ch\/club95\/clubgeschichte\/","url":"https:\/\/club95-stv-fsg.ch\/club95\/clubgeschichte\/","name":"Clubgeschichte - Club 95","isPartOf":{"@id":"https:\/\/club95-stv-fsg.ch\/#website"},"primaryImageOfPage":{"@id":"https:\/\/club95-stv-fsg.ch\/club95\/clubgeschichte\/#primaryimage"},"image":{"@id":"https:\/\/club95-stv-fsg.ch\/club95\/clubgeschichte\/#primaryimage"},"thumbnailUrl":"https:\/\/club95-stv-fsg.ch.zeppelin.ch-meta.net\/wp-content\/uploads\/2021\/08\/club95_vortand_2005.jpg","datePublished":"2021-06-10T09:03:45+00:00","dateModified":"2024-05-13T13:44:55+00:00","description":"Der Club'95 wurde 1995 gegr\u00fcndet. Sie finden hier Geschichte, Tagungsprotokoll und die Chronik der ersten 20 Jahre.","breadcrumb":{"@id":"https:\/\/club95-stv-fsg.ch\/club95\/clubgeschichte\/#breadcrumb"},"inLanguage":"fr-FR","potentialAction":[{"@type":"ReadAction","target":["https:\/\/club95-stv-fsg.ch\/club95\/clubgeschichte\/"]}]},{"@type":"ImageObject","inLanguage":"fr-FR","@id":"https:\/\/club95-stv-fsg.ch\/club95\/clubgeschichte\/#primaryimage","url":"https:\/\/club95-stv-fsg.ch.zeppelin.ch-meta.net\/wp-content\/uploads\/2021\/08\/club95_vortand_2005.jpg","contentUrl":"https:\/\/club95-stv-fsg.ch.zeppelin.ch-meta.net\/wp-content\/uploads\/2021\/08\/club95_vortand_2005.jpg"},{"@type":"BreadcrumbList","@id":"https:\/\/club95-stv-fsg.ch\/club95\/clubgeschichte\/#breadcrumb","itemListElement":[{"@type":"ListItem","position":1,"name":"Home","item":"https:\/\/club95-stv-fsg.ch\/"},{"@type":"ListItem","position":2,"name":"Club&#8217;95","item":"https:\/\/club95-stv-fsg.ch\/club95\/"},{"@type":"ListItem","position":3,"name":"Clubgeschichte"}]},{"@type":"WebSite","@id":"https:\/\/club95-stv-fsg.ch\/#website","url":"https:\/\/club95-stv-fsg.ch\/","name":"Club 95","description":"Club\u201995 ist der G\u00f6nner-Club des STV \/ FSG","publisher":{"@id":"https:\/\/club95-stv-fsg.ch\/#organization"},"potentialAction":[{"@type":"SearchAction","target":{"@type":"EntryPoint","urlTemplate":"https:\/\/club95-stv-fsg.ch\/?s={search_term_string}"},"query-input":{"@type":"PropertyValueSpecification","valueRequired":true,"valueName":"search_term_string"}}],"inLanguage":"fr-FR"},{"@type":"Organization","@id":"https:\/\/club95-stv-fsg.ch\/#organization","name":"Club'95","url":"https:\/\/club95-stv-fsg.ch\/","logo":{"@type":"ImageObject","inLanguage":"fr-FR","@id":"https:\/\/club95-stv-fsg.ch\/#\/schema\/logo\/image\/","url":"https:\/\/club95-stv-fsg.ch\/wp-content\/uploads\/2021\/06\/Logo-Club95-web.jpg","contentUrl":"https:\/\/club95-stv-fsg.ch\/wp-content\/uploads\/2021\/06\/Logo-Club95-web.jpg","width":600,"height":189,"caption":"Club'95"},"image":{"@id":"https:\/\/club95-stv-fsg.ch\/#\/schema\/logo\/image\/"}}]}},"_links":{"self":[{"href":"https:\/\/club95-stv-fsg.ch\/fr\/wp-json\/wp\/v2\/pages\/115","targetHints":{"allow":["GET"]}}],"collection":[{"href":"https:\/\/club95-stv-fsg.ch\/fr\/wp-json\/wp\/v2\/pages"}],"about":[{"href":"https:\/\/club95-stv-fsg.ch\/fr\/wp-json\/wp\/v2\/types\/page"}],"author":[{"embeddable":true,"href":"https:\/\/club95-stv-fsg.ch\/fr\/wp-json\/wp\/v2\/users\/1"}],"replies":[{"embeddable":true,"href":"https:\/\/club95-stv-fsg.ch\/fr\/wp-json\/wp\/v2\/comments?post=115"}],"version-history":[{"count":5,"href":"https:\/\/club95-stv-fsg.ch\/fr\/wp-json\/wp\/v2\/pages\/115\/revisions"}],"predecessor-version":[{"id":791,"href":"https:\/\/club95-stv-fsg.ch\/fr\/wp-json\/wp\/v2\/pages\/115\/revisions\/791"}],"up":[{"embeddable":true,"href":"https:\/\/club95-stv-fsg.ch\/fr\/wp-json\/wp\/v2\/pages\/76"}],"wp:attachment":[{"href":"https:\/\/club95-stv-fsg.ch\/fr\/wp-json\/wp\/v2\/media?parent=115"}],"curies":[{"name":"wp","href":"https:\/\/api.w.org\/{rel}","templated":true}]}}