{"id":165,"date":"2021-06-15T11:22:56","date_gmt":"2021-06-15T09:22:56","guid":{"rendered":"http:\/\/club95-stv-fsg.ch.zeppelin.ch-meta.net\/?page_id=165"},"modified":"2021-08-30T09:40:35","modified_gmt":"2021-08-30T07:40:35","slug":"agb","status":"publish","type":"page","link":"https:\/\/club95-stv-fsg.ch\/fr\/agb\/","title":{"rendered":"AGB"},"content":{"rendered":"<h1>\n\t\t\tAGB\n\t\t<\/h1>\n\t\t\t<p>Die in dieser Website genannten Marken- und Produktnamen sind Warenzeichen ihrer jeweiligen Eigent\u00fcmer.<b>Garantie und Haftung<\/b><br \/>Die Webseiten werden nach bestem Wissen erarbeitet und bewirtschaftet, doch wird keine Garantie daf\u00fcr \u00fcbernommen, dass die vermittelten Informationen fehlerfrei und vollst\u00e4ndig sind. Der Club&#8217;95 STV beh\u00e4lt sich das Recht vor, die Webseiten jederzeit zu erg\u00e4nzen, Informationen zu \u00e4ndern sowie ganz oder teilweise zu l\u00f6schen. Der Club&#8217;95 STV lehnt jede Haftung ab f\u00fcr allf\u00e4lligen direkten oder indirekten Schaden und f\u00fcr den Folgeschaden, welcher als Folge des Gebrauchs von Informationen und Material aus den Webseiten oder durch Zugriff \u00fcber Links auf andere Webseiten entsteht. Der Club&#8217;95 STV ist f\u00fcr den Inhalt der Webseiten, die aufgrund einer solchen Verbindung erreicht werden, nicht verantwortlich. Der Club&#8217;95 STV \u00fcbernimmt keine Garantie, dass Informationen, Software oder anderes Material, welche \u00fcber eine der Webseiten zug\u00e4nglich ist, frei von Viren oder anderen sch\u00e4dlichen Komponenten ist und schliesst uneingeschr\u00e4nkt jede Haftung f\u00fcr Verluste bzw. Sch\u00e4den irgendwelcher Art aus &#8211; sei es f\u00fcr direkte, indirekte oder Folgesch\u00e4den -, die sich aus der Ben\u00fctzung der bzw. des Zugriffs auf die Club-Webseite oder aus Links zu Webseiten Dritter ergeben sollten.<\/p>","protected":false},"excerpt":{"rendered":"<p>AGB Die in dieser Website genannten Marken- und Produktnamen sind Warenzeichen ihrer jeweiligen Eigent\u00fcmer.Garantie und HaftungDie Webseiten werden nach bestem Wissen erarbeitet und bewirtschaftet, doch wird keine Garantie daf\u00fcr \u00fcbernommen, dass die vermittelten Informationen fehlerfrei und vollst\u00e4ndig sind. Der Club&#8217;95 STV beh\u00e4lt sich das Recht vor, die Webseiten jederzeit zu erg\u00e4nzen, Informationen zu \u00e4ndern sowie&hellip;<\/p>","protected":false},"author":1,"featured_media":0,"parent":0,"menu_order":0,"comment_status":"closed","ping_status":"closed","template":"","meta":{"footnotes":""},"class_list":["post-165","page","type-page","status-publish","hentry"],"yoast_head":"<!-- This site is optimized with the Yoast SEO plugin v27.4 - https:\/\/yoast.com\/product\/yoast-seo-wordpress\/ -->\n<title>AGB - Club 95<\/title>\n<meta name=\"robots\" content=\"index, follow, max-snippet:-1, max-image-preview:large, max-video-preview:-1\" \/>\n<link rel=\"canonical\" href=\"https:\/\/club95-stv-fsg.ch\/fr\/agb\/\" \/>\n<meta property=\"og:locale\" content=\"fr_FR\" \/>\n<meta property=\"og:type\" content=\"article\" \/>\n<meta property=\"og:title\" content=\"AGB - Club 95\" \/>\n<meta property=\"og:description\" content=\"AGB Die in dieser Website genannten Marken- und Produktnamen sind Warenzeichen ihrer jeweiligen Eigent\u00fcmer.Garantie und HaftungDie Webseiten werden nach bestem Wissen erarbeitet und bewirtschaftet, doch wird keine Garantie daf\u00fcr \u00fcbernommen, dass die vermittelten Informationen fehlerfrei und vollst\u00e4ndig sind. Der Club&#8217;95 STV beh\u00e4lt sich das Recht vor, die Webseiten jederzeit zu erg\u00e4nzen, Informationen zu \u00e4ndern sowie&hellip;\" \/>\n<meta property=\"og:url\" content=\"https:\/\/club95-stv-fsg.ch\/fr\/agb\/\" \/>\n<meta property=\"og:site_name\" content=\"Club 95\" \/>\n<meta property=\"article:modified_time\" content=\"2021-08-30T07:40:35+00:00\" \/>\n<meta name=\"twitter:card\" content=\"summary_large_image\" \/>\n<script type=\"application\/ld+json\" class=\"yoast-schema-graph\">{\"@context\":\"https:\\\/\\\/schema.org\",\"@graph\":[{\"@type\":\"WebPage\",\"@id\":\"https:\\\/\\\/club95-stv-fsg.ch\\\/agb\\\/\",\"url\":\"https:\\\/\\\/club95-stv-fsg.ch\\\/agb\\\/\",\"name\":\"AGB - Club 95\",\"isPartOf\":{\"@id\":\"https:\\\/\\\/club95-stv-fsg.ch\\\/#website\"},\"datePublished\":\"2021-06-15T09:22:56+00:00\",\"dateModified\":\"2021-08-30T07:40:35+00:00\",\"breadcrumb\":{\"@id\":\"https:\\\/\\\/club95-stv-fsg.ch\\\/agb\\\/#breadcrumb\"},\"inLanguage\":\"fr-FR\",\"potentialAction\":[{\"@type\":\"ReadAction\",\"target\":[\"https:\\\/\\\/club95-stv-fsg.ch\\\/agb\\\/\"]}]},{\"@type\":\"BreadcrumbList\",\"@id\":\"https:\\\/\\\/club95-stv-fsg.ch\\\/agb\\\/#breadcrumb\",\"itemListElement\":[{\"@type\":\"ListItem\",\"position\":1,\"name\":\"Home\",\"item\":\"https:\\\/\\\/club95-stv-fsg.ch\\\/\"},{\"@type\":\"ListItem\",\"position\":2,\"name\":\"AGB\"}]},{\"@type\":\"WebSite\",\"@id\":\"https:\\\/\\\/club95-stv-fsg.ch\\\/#website\",\"url\":\"https:\\\/\\\/club95-stv-fsg.ch\\\/\",\"name\":\"Club 95\",\"description\":\"Club\u201995 ist der G\u00f6nner-Club des STV \\\/ FSG\",\"publisher\":{\"@id\":\"https:\\\/\\\/club95-stv-fsg.ch\\\/#organization\"},\"potentialAction\":[{\"@type\":\"SearchAction\",\"target\":{\"@type\":\"EntryPoint\",\"urlTemplate\":\"https:\\\/\\\/club95-stv-fsg.ch\\\/?s={search_term_string}\"},\"query-input\":{\"@type\":\"PropertyValueSpecification\",\"valueRequired\":true,\"valueName\":\"search_term_string\"}}],\"inLanguage\":\"fr-FR\"},{\"@type\":\"Organization\",\"@id\":\"https:\\\/\\\/club95-stv-fsg.ch\\\/#organization\",\"name\":\"Club'95\",\"url\":\"https:\\\/\\\/club95-stv-fsg.ch\\\/\",\"logo\":{\"@type\":\"ImageObject\",\"inLanguage\":\"fr-FR\",\"@id\":\"https:\\\/\\\/club95-stv-fsg.ch\\\/#\\\/schema\\\/logo\\\/image\\\/\",\"url\":\"https:\\\/\\\/club95-stv-fsg.ch\\\/wp-content\\\/uploads\\\/2021\\\/06\\\/Logo-Club95-web.jpg\",\"contentUrl\":\"https:\\\/\\\/club95-stv-fsg.ch\\\/wp-content\\\/uploads\\\/2021\\\/06\\\/Logo-Club95-web.jpg\",\"width\":600,\"height\":189,\"caption\":\"Club'95\"},\"image\":{\"@id\":\"https:\\\/\\\/club95-stv-fsg.ch\\\/#\\\/schema\\\/logo\\\/image\\\/\"}}]}<\/script>\n<!-- \/ Yoast SEO plugin. -->","yoast_head_json":{"title":"AGB - Club 95","robots":{"index":"index","follow":"follow","max-snippet":"max-snippet:-1","max-image-preview":"max-image-preview:large","max-video-preview":"max-video-preview:-1"},"canonical":"https:\/\/club95-stv-fsg.ch\/fr\/agb\/","og_locale":"fr_FR","og_type":"article","og_title":"AGB - Club 95","og_description":"AGB Die in dieser Website genannten Marken- und Produktnamen sind Warenzeichen ihrer jeweiligen Eigent\u00fcmer.Garantie und HaftungDie Webseiten werden nach bestem Wissen erarbeitet und bewirtschaftet, doch wird keine Garantie daf\u00fcr \u00fcbernommen, dass die vermittelten Informationen fehlerfrei und vollst\u00e4ndig sind. Der Club&#8217;95 STV beh\u00e4lt sich das Recht vor, die Webseiten jederzeit zu erg\u00e4nzen, Informationen zu \u00e4ndern sowie&hellip;","og_url":"https:\/\/club95-stv-fsg.ch\/fr\/agb\/","og_site_name":"Club 95","article_modified_time":"2021-08-30T07:40:35+00:00","twitter_card":"summary_large_image","schema":{"@context":"https:\/\/schema.org","@graph":[{"@type":"WebPage","@id":"https:\/\/club95-stv-fsg.ch\/agb\/","url":"https:\/\/club95-stv-fsg.ch\/agb\/","name":"AGB - Club 95","isPartOf":{"@id":"https:\/\/club95-stv-fsg.ch\/#website"},"datePublished":"2021-06-15T09:22:56+00:00","dateModified":"2021-08-30T07:40:35+00:00","breadcrumb":{"@id":"https:\/\/club95-stv-fsg.ch\/agb\/#breadcrumb"},"inLanguage":"fr-FR","potentialAction":[{"@type":"ReadAction","target":["https:\/\/club95-stv-fsg.ch\/agb\/"]}]},{"@type":"BreadcrumbList","@id":"https:\/\/club95-stv-fsg.ch\/agb\/#breadcrumb","itemListElement":[{"@type":"ListItem","position":1,"name":"Home","item":"https:\/\/club95-stv-fsg.ch\/"},{"@type":"ListItem","position":2,"name":"AGB"}]},{"@type":"WebSite","@id":"https:\/\/club95-stv-fsg.ch\/#website","url":"https:\/\/club95-stv-fsg.ch\/","name":"Club 95","description":"Club\u201995 ist der G\u00f6nner-Club des STV \/ FSG","publisher":{"@id":"https:\/\/club95-stv-fsg.ch\/#organization"},"potentialAction":[{"@type":"SearchAction","target":{"@type":"EntryPoint","urlTemplate":"https:\/\/club95-stv-fsg.ch\/?s={search_term_string}"},"query-input":{"@type":"PropertyValueSpecification","valueRequired":true,"valueName":"search_term_string"}}],"inLanguage":"fr-FR"},{"@type":"Organization","@id":"https:\/\/club95-stv-fsg.ch\/#organization","name":"Club'95","url":"https:\/\/club95-stv-fsg.ch\/","logo":{"@type":"ImageObject","inLanguage":"fr-FR","@id":"https:\/\/club95-stv-fsg.ch\/#\/schema\/logo\/image\/","url":"https:\/\/club95-stv-fsg.ch\/wp-content\/uploads\/2021\/06\/Logo-Club95-web.jpg","contentUrl":"https:\/\/club95-stv-fsg.ch\/wp-content\/uploads\/2021\/06\/Logo-Club95-web.jpg","width":600,"height":189,"caption":"Club'95"},"image":{"@id":"https:\/\/club95-stv-fsg.ch\/#\/schema\/logo\/image\/"}}]}},"_links":{"self":[{"href":"https:\/\/club95-stv-fsg.ch\/fr\/wp-json\/wp\/v2\/pages\/165","targetHints":{"allow":["GET"]}}],"collection":[{"href":"https:\/\/club95-stv-fsg.ch\/fr\/wp-json\/wp\/v2\/pages"}],"about":[{"href":"https:\/\/club95-stv-fsg.ch\/fr\/wp-json\/wp\/v2\/types\/page"}],"author":[{"embeddable":true,"href":"https:\/\/club95-stv-fsg.ch\/fr\/wp-json\/wp\/v2\/users\/1"}],"replies":[{"embeddable":true,"href":"https:\/\/club95-stv-fsg.ch\/fr\/wp-json\/wp\/v2\/comments?post=165"}],"version-history":[{"count":2,"href":"https:\/\/club95-stv-fsg.ch\/fr\/wp-json\/wp\/v2\/pages\/165\/revisions"}],"predecessor-version":[{"id":254,"href":"https:\/\/club95-stv-fsg.ch\/fr\/wp-json\/wp\/v2\/pages\/165\/revisions\/254"}],"wp:attachment":[{"href":"https:\/\/club95-stv-fsg.ch\/fr\/wp-json\/wp\/v2\/media?parent=165"}],"curies":[{"name":"wp","href":"https:\/\/api.w.org\/{rel}","templated":true}]}}