{"id":217,"date":"2021-07-20T09:19:22","date_gmt":"2021-07-20T07:19:22","guid":{"rendered":"http:\/\/club95-stv-fsg.ch.zeppelin.ch-meta.net\/?page_id=217"},"modified":"2023-08-10T11:03:19","modified_gmt":"2023-08-10T09:03:19","slug":"finanzen","status":"publish","type":"page","link":"https:\/\/club95-stv-fsg.ch\/fr\/club95\/finanzen\/","title":{"rendered":"la finance"},"content":{"rendered":"<h1>\n\t\t\tla finance\n\t\t<\/h1>\n\t\t\t<p>In Artikel 2 unserer Statuten ist umschrieben, dass der Club&#8217;95 insbesondere finanzielle Unterst\u00fctzungen f\u00fcr turnsportliche Projekte und Anl\u00e4sse im Interesse des Turnens leistet.\u00a0In den Jahren <b>2019 &#8211; 2023<\/b> unterst\u00fctzte der Club&#8217;95 insbesondere<ul><li>Swisscup und Gymotion mit \u00fcber CHF 100&#8217;000<\/li><li>die Jugend an den Gymnaestrada-Anl\u00e4ssen in Dornbirn 2019 und Amsterdam 2023 (Total CHF 50&#8217;000)<\/li><li>Eurogym Neuch\u00e2tel (CHF 5&#8217;000)<\/li><li>das Aargauer Turnzentrum in Lenzburg (CHF 5&#8217;000)<\/li><\/ul><b>Total konnte der Club&#8217;95 von 2019 &#8211; 2023 (Stand 31.07.2023) insgesamt CHF 162&#8217;400.00 an Unterst\u00fctzungsbeitr\u00e4gen ausrichten.<\/b><b>\u00a0<\/b>\u00a0Zudem werden aufgrund von entsprechenden Anfragen diverse Schweizer Meisterschaften im Bereich Kunstturnen Jugend\/Junioren aber auch Breitensportanl\u00e4sse im Jugendbereich im Rahmen zwischen CHF 500.00 und CHF 2&#8217;000.00 unterst\u00fctzt.Auch Infrastrukturbeitr\u00e4ge f\u00fcr neu entstehende Trainingseinrichtungen werden nach M\u00f6glichkeit bewilligt.\u00a0Die beiden unten erw\u00e4hnten Fonds werden vor allem durch freiwillige Spenden der Clubmitglieder gespiesen. 2020 beschloss der Vorstand den beiden Fonds je CHF 5&#8217;000.00 aus dem Clubversm\u00f6gen zukommen zu lassen. F\u00fcr die Vorbereitung unserer Kunstturner-Nationalmannschaft f\u00fcr die Olympischen Spiele in Tokyo wurde dem Jack-G\u00fcnthard Fonds CHF 5&#8217;000.00 entnommen.<\/p>\t\t\n\t\t<h4>\n\t\t\tJack G\u00fcnthart und der G\u00f6nnerclub des STV \u00abClub&#8217;95\u00bb\n\t\t<\/h4>\n\t\t\t<p>Walter Bosshard nutzte die ihm gebotene M\u00f6glichkeit, die Reck-Olympia-Goldmedaille (Helsinki 1952) aus der Erbschaft von Jack G\u00fcnthard herauszukaufen. Damit konnte verhindert werden, dass diese wertvolle historische Medaille nicht eingeschmolzen wird. Die Medaille ist heute im Besitz des Club&#8217;95.Ziel ist es, bei Kunstturnanl\u00e4ssen die Medaille zu zeigen. Gegen eine Spende kann die Reck-Goldmedaille \u201ezum Anfassen&#8220; herumgereicht werden. Dabei wird die eine H\u00e4lfte der damit verbundenen Spenden in einem Fond \u201eJack G\u00fcnthard Nachwuchsf\u00f6rderung Kunstturnen&#8220; einbezahlt, w\u00e4hrend der organisierende Turnverein die andere H\u00e4lfte f\u00fcr sich und eigene Kunstturnprojekte behalten darf.\u00a0Walter Bosshard und Jack G\u00fcnthard hatten stets einen kollegialen Kontakt. Beim letzten Besuch, kurz vor seinem Tod, hatte Jack den Wunsch ge\u00e4ussert, dass sich der Club&#8217;95 weiterhin f\u00fcr das Kunstturnen einsetzt und die Kunsturner aktiv unterst\u00fctzt, damit sie Erfolg haben k\u00f6nnen. Der Club&#8217;95 nahm den Wunsch von Jack G\u00fcnthart auf und bildete den \u00abJack G\u00fcnthart Fonds\u00bb. Der Club&#8217;95 wird somit mit dem Geld aus dem Fonds zuk\u00fcnftige Nachwuchsf\u00f6rderungsprojekte des STV f\u00fcr das Schweizer Kunstturnen unterst\u00fctzen k\u00f6nnen. Auch die Nationalmannschaft soll die M\u00f6glichkeit erhalten, Gelder aus diesem Fonds zu bekommen.<\/p>\t\t\n\t\t<h4>\n\t\t\tHansruedi Neeser und der G\u00f6nnerclub des STV \u00abClub95\u00bb\n\t\t<\/h4>\n\t\t\t<p>Der Club&#8217;95 hatte zuvor schon den \u00abHansruedi Neeser Fonds\u00bb gegr\u00fcndet, mit welchem die Turn-Jugend des STV unterst\u00fctzt wird. Hansruedi Neeser ist am 26.6.2015 im Alter von 82 Jahren an einer hartn\u00e4ckigen Krebskrankheit verstorben.\u00a0Hansruedi Neeser, Gr\u00fcndungsmitglied vom Club&#8217;95, hat sich immer f\u00fcr den STV und den Turnnachwuchs eingesetzt. Er war w\u00e4hrend seiner gesamten Amtszeit mit Leib und Seele Finanzchef im Club&#8217;95. Zusammen mit dem im gleichen Jahr verstorbenen Club-Pr\u00e4sidenten G\u00fcst Stolz (verstorben am 5.3.15) war Hansruedi Neeser die treibende Kraft f\u00fcr die Entwicklung des G\u00f6nnerclubs.Die Beerdigungs-Kollekte wurde dem Cub&#8217;95 \u00fcberwiesen. Damit konnte der Hansruedi Neeser-Fonds \u00abNachwuchsf\u00f6rderung STV\u00bb ins Leben gerufen werden. Dies ganz im Sinne des Verstorbenen.<\/p>\t\t\n\t\t\t<a href=\"https:\/\/club95-stv-fsg.ch\/fr\/news\/\" target=\"_self\" rel=\"noopener\">\n\t\t<h3>News<\/h3>\n\t\t\t<p>Aktuelles aus dem Clubleben!<\/p>\t\t\n\t\t<\/a>\n\t<a href=\"https:\/\/club95-stv-fsg.ch\/fr\/kontakt\/\" target=\"_self\" role=\"button\" aria-label=\"Werde Mitglied oder G\u00f6nner\" rel=\"noopener\">\n\t\t\t\t\t\tWerde Mitglied oder G\u00f6nner\n\t\t\t\t\t<\/a>\n\t<a href=\"https:\/\/club95-stv-fsg.ch\/fr\/beitraege\/\" target=\"_self\" role=\"button\" aria-label=\"Beitr\u00e4ge f\u00fcr Mitglieder &#038; G\u00f6nner\" rel=\"noopener\">\n\t\t\t\t\t\tBeitr\u00e4ge f\u00fcr Mitglieder &#038; G\u00f6nner\n\t\t\t\t\t<\/a>","protected":false},"excerpt":{"rendered":"<p>Finanzen In Artikel 2 unserer Statuten ist umschrieben, dass der Club&#8217;95 insbesondere finanzielle Unterst\u00fctzungen f\u00fcr turnsportliche Projekte und Anl\u00e4sse im Interesse des Turnens leistet.\u00a0In den Jahren 2019 &#8211; 2023 unterst\u00fctzte der Club&#8217;95 insbesondere Swisscup und Gymotion mit \u00fcber CHF 100&#8217;000 die Jugend an den Gymnaestrada-Anl\u00e4ssen in Dornbirn 2019 und Amsterdam 2023 (Total CHF 50&#8217;000) Eurogym&hellip;<\/p>","protected":false},"author":1,"featured_media":0,"parent":76,"menu_order":0,"comment_status":"closed","ping_status":"closed","template":"","meta":{"footnotes":""},"class_list":["post-217","page","type-page","status-publish","hentry"],"yoast_head":"<!-- This site is optimized with the Yoast SEO plugin v27.4 - https:\/\/yoast.com\/product\/yoast-seo-wordpress\/ -->\n<title>Finanzen - Club 95<\/title>\n<meta name=\"description\" content=\"Jack G\u00fcnthart und der G\u00f6nnerclub des STV \u00abClub\u201995\u00bb und Hansruedi Neeser und der G\u00f6nnerclub des STV \u00abClub95\u00bb\" \/>\n<meta name=\"robots\" content=\"index, follow, max-snippet:-1, max-image-preview:large, max-video-preview:-1\" \/>\n<link rel=\"canonical\" href=\"https:\/\/club95-stv-fsg.ch\/fr\/club95\/finanzen\/\" \/>\n<meta property=\"og:locale\" content=\"fr_FR\" \/>\n<meta property=\"og:type\" content=\"article\" \/>\n<meta property=\"og:title\" content=\"Finanzen - Club 95\" \/>\n<meta property=\"og:description\" content=\"Jack G\u00fcnthart und der G\u00f6nnerclub des STV \u00abClub\u201995\u00bb und Hansruedi Neeser und der G\u00f6nnerclub des STV \u00abClub95\u00bb\" \/>\n<meta property=\"og:url\" content=\"https:\/\/club95-stv-fsg.ch\/fr\/club95\/finanzen\/\" \/>\n<meta property=\"og:site_name\" content=\"Club 95\" \/>\n<meta property=\"article:modified_time\" content=\"2023-08-10T09:03:19+00:00\" \/>\n<meta name=\"twitter:card\" content=\"summary_large_image\" \/>\n<meta name=\"twitter:label1\" content=\"Dur\u00e9e de lecture estim\u00e9e\" \/>\n\t<meta name=\"twitter:data1\" content=\"2 minutes\" \/>\n<script type=\"application\/ld+json\" class=\"yoast-schema-graph\">{\"@context\":\"https:\\\/\\\/schema.org\",\"@graph\":[{\"@type\":\"WebPage\",\"@id\":\"https:\\\/\\\/club95-stv-fsg.ch\\\/club95\\\/finanzen\\\/\",\"url\":\"https:\\\/\\\/club95-stv-fsg.ch\\\/club95\\\/finanzen\\\/\",\"name\":\"Finanzen - Club 95\",\"isPartOf\":{\"@id\":\"https:\\\/\\\/club95-stv-fsg.ch\\\/#website\"},\"datePublished\":\"2021-07-20T07:19:22+00:00\",\"dateModified\":\"2023-08-10T09:03:19+00:00\",\"description\":\"Jack G\u00fcnthart und der G\u00f6nnerclub des STV \u00abClub\u201995\u00bb und Hansruedi Neeser und der G\u00f6nnerclub des STV \u00abClub95\u00bb\",\"breadcrumb\":{\"@id\":\"https:\\\/\\\/club95-stv-fsg.ch\\\/club95\\\/finanzen\\\/#breadcrumb\"},\"inLanguage\":\"fr-FR\",\"potentialAction\":[{\"@type\":\"ReadAction\",\"target\":[\"https:\\\/\\\/club95-stv-fsg.ch\\\/club95\\\/finanzen\\\/\"]}]},{\"@type\":\"BreadcrumbList\",\"@id\":\"https:\\\/\\\/club95-stv-fsg.ch\\\/club95\\\/finanzen\\\/#breadcrumb\",\"itemListElement\":[{\"@type\":\"ListItem\",\"position\":1,\"name\":\"Home\",\"item\":\"https:\\\/\\\/club95-stv-fsg.ch\\\/\"},{\"@type\":\"ListItem\",\"position\":2,\"name\":\"Club&#8217;95\",\"item\":\"https:\\\/\\\/club95-stv-fsg.ch\\\/club95\\\/\"},{\"@type\":\"ListItem\",\"position\":3,\"name\":\"Finanzen\"}]},{\"@type\":\"WebSite\",\"@id\":\"https:\\\/\\\/club95-stv-fsg.ch\\\/#website\",\"url\":\"https:\\\/\\\/club95-stv-fsg.ch\\\/\",\"name\":\"Club 95\",\"description\":\"Club\u201995 ist der G\u00f6nner-Club des STV \\\/ FSG\",\"publisher\":{\"@id\":\"https:\\\/\\\/club95-stv-fsg.ch\\\/#organization\"},\"potentialAction\":[{\"@type\":\"SearchAction\",\"target\":{\"@type\":\"EntryPoint\",\"urlTemplate\":\"https:\\\/\\\/club95-stv-fsg.ch\\\/?s={search_term_string}\"},\"query-input\":{\"@type\":\"PropertyValueSpecification\",\"valueRequired\":true,\"valueName\":\"search_term_string\"}}],\"inLanguage\":\"fr-FR\"},{\"@type\":\"Organization\",\"@id\":\"https:\\\/\\\/club95-stv-fsg.ch\\\/#organization\",\"name\":\"Club'95\",\"url\":\"https:\\\/\\\/club95-stv-fsg.ch\\\/\",\"logo\":{\"@type\":\"ImageObject\",\"inLanguage\":\"fr-FR\",\"@id\":\"https:\\\/\\\/club95-stv-fsg.ch\\\/#\\\/schema\\\/logo\\\/image\\\/\",\"url\":\"https:\\\/\\\/club95-stv-fsg.ch\\\/wp-content\\\/uploads\\\/2021\\\/06\\\/Logo-Club95-web.jpg\",\"contentUrl\":\"https:\\\/\\\/club95-stv-fsg.ch\\\/wp-content\\\/uploads\\\/2021\\\/06\\\/Logo-Club95-web.jpg\",\"width\":600,\"height\":189,\"caption\":\"Club'95\"},\"image\":{\"@id\":\"https:\\\/\\\/club95-stv-fsg.ch\\\/#\\\/schema\\\/logo\\\/image\\\/\"}}]}<\/script>\n<!-- \/ Yoast SEO plugin. -->","yoast_head_json":{"title":"Finanzen - Club 95","description":"Jack G\u00fcnthart und der G\u00f6nnerclub des STV \u00abClub\u201995\u00bb und Hansruedi Neeser und der G\u00f6nnerclub des STV \u00abClub95\u00bb","robots":{"index":"index","follow":"follow","max-snippet":"max-snippet:-1","max-image-preview":"max-image-preview:large","max-video-preview":"max-video-preview:-1"},"canonical":"https:\/\/club95-stv-fsg.ch\/fr\/club95\/finanzen\/","og_locale":"fr_FR","og_type":"article","og_title":"Finanzen - Club 95","og_description":"Jack G\u00fcnthart und der G\u00f6nnerclub des STV \u00abClub\u201995\u00bb und Hansruedi Neeser und der G\u00f6nnerclub des STV \u00abClub95\u00bb","og_url":"https:\/\/club95-stv-fsg.ch\/fr\/club95\/finanzen\/","og_site_name":"Club 95","article_modified_time":"2023-08-10T09:03:19+00:00","twitter_card":"summary_large_image","twitter_misc":{"Dur\u00e9e de lecture estim\u00e9e":"2 minutes"},"schema":{"@context":"https:\/\/schema.org","@graph":[{"@type":"WebPage","@id":"https:\/\/club95-stv-fsg.ch\/club95\/finanzen\/","url":"https:\/\/club95-stv-fsg.ch\/club95\/finanzen\/","name":"Finanzen - Club 95","isPartOf":{"@id":"https:\/\/club95-stv-fsg.ch\/#website"},"datePublished":"2021-07-20T07:19:22+00:00","dateModified":"2023-08-10T09:03:19+00:00","description":"Jack G\u00fcnthart und der G\u00f6nnerclub des STV \u00abClub\u201995\u00bb und Hansruedi Neeser und der G\u00f6nnerclub des STV \u00abClub95\u00bb","breadcrumb":{"@id":"https:\/\/club95-stv-fsg.ch\/club95\/finanzen\/#breadcrumb"},"inLanguage":"fr-FR","potentialAction":[{"@type":"ReadAction","target":["https:\/\/club95-stv-fsg.ch\/club95\/finanzen\/"]}]},{"@type":"BreadcrumbList","@id":"https:\/\/club95-stv-fsg.ch\/club95\/finanzen\/#breadcrumb","itemListElement":[{"@type":"ListItem","position":1,"name":"Home","item":"https:\/\/club95-stv-fsg.ch\/"},{"@type":"ListItem","position":2,"name":"Club&#8217;95","item":"https:\/\/club95-stv-fsg.ch\/club95\/"},{"@type":"ListItem","position":3,"name":"Finanzen"}]},{"@type":"WebSite","@id":"https:\/\/club95-stv-fsg.ch\/#website","url":"https:\/\/club95-stv-fsg.ch\/","name":"Club 95","description":"Club\u201995 ist der G\u00f6nner-Club des STV \/ FSG","publisher":{"@id":"https:\/\/club95-stv-fsg.ch\/#organization"},"potentialAction":[{"@type":"SearchAction","target":{"@type":"EntryPoint","urlTemplate":"https:\/\/club95-stv-fsg.ch\/?s={search_term_string}"},"query-input":{"@type":"PropertyValueSpecification","valueRequired":true,"valueName":"search_term_string"}}],"inLanguage":"fr-FR"},{"@type":"Organization","@id":"https:\/\/club95-stv-fsg.ch\/#organization","name":"Club'95","url":"https:\/\/club95-stv-fsg.ch\/","logo":{"@type":"ImageObject","inLanguage":"fr-FR","@id":"https:\/\/club95-stv-fsg.ch\/#\/schema\/logo\/image\/","url":"https:\/\/club95-stv-fsg.ch\/wp-content\/uploads\/2021\/06\/Logo-Club95-web.jpg","contentUrl":"https:\/\/club95-stv-fsg.ch\/wp-content\/uploads\/2021\/06\/Logo-Club95-web.jpg","width":600,"height":189,"caption":"Club'95"},"image":{"@id":"https:\/\/club95-stv-fsg.ch\/#\/schema\/logo\/image\/"}}]}},"_links":{"self":[{"href":"https:\/\/club95-stv-fsg.ch\/fr\/wp-json\/wp\/v2\/pages\/217","targetHints":{"allow":["GET"]}}],"collection":[{"href":"https:\/\/club95-stv-fsg.ch\/fr\/wp-json\/wp\/v2\/pages"}],"about":[{"href":"https:\/\/club95-stv-fsg.ch\/fr\/wp-json\/wp\/v2\/types\/page"}],"author":[{"embeddable":true,"href":"https:\/\/club95-stv-fsg.ch\/fr\/wp-json\/wp\/v2\/users\/1"}],"replies":[{"embeddable":true,"href":"https:\/\/club95-stv-fsg.ch\/fr\/wp-json\/wp\/v2\/comments?post=217"}],"version-history":[{"count":5,"href":"https:\/\/club95-stv-fsg.ch\/fr\/wp-json\/wp\/v2\/pages\/217\/revisions"}],"predecessor-version":[{"id":646,"href":"https:\/\/club95-stv-fsg.ch\/fr\/wp-json\/wp\/v2\/pages\/217\/revisions\/646"}],"up":[{"embeddable":true,"href":"https:\/\/club95-stv-fsg.ch\/fr\/wp-json\/wp\/v2\/pages\/76"}],"wp:attachment":[{"href":"https:\/\/club95-stv-fsg.ch\/fr\/wp-json\/wp\/v2\/media?parent=217"}],"curies":[{"name":"wp","href":"https:\/\/api.w.org\/{rel}","templated":true}]}}