{"id":321,"date":"2021-09-14T11:43:04","date_gmt":"2021-09-14T09:43:04","guid":{"rendered":"http:\/\/club95-stv-fsg.ch\/?page_id=321"},"modified":"2021-10-20T15:58:26","modified_gmt":"2021-10-20T13:58:26","slug":"beitraege","status":"publish","type":"page","link":"https:\/\/club95-stv-fsg.ch\/fr\/beitraege\/","title":{"rendered":"Beitr\u00e4ge"},"content":{"rendered":"<h1>\n\t\t\tNeue Beitragssstruktur ab 2022\n\t\t<\/h1>\n\t\t\t<p>Die Mitgliederbeitr\u00e4ge (Mitglied und G\u00f6nner) werden gem\u00e4ss Statuten j\u00e4hrlich von der Clubversammlung f\u00fcr das Folgejahr festgelegt.Die Statuten sagen aus, dass die Zahl der Mitglieder das Maximum von 120 Personen nicht \u00fcbersteigen darf. <br \/>Die Zahl der G\u00f6nner ist jedoch nach oben unbegrenzt.Die neue Beitragsstruktur ab 2022 sieht wie folgt aus:<\/p>\t\t\n<table  data-tablesaw-minimap>\n\t\t<thead>\n\t\t<tr>\n\t\t\t<th id=\"pp-table-col-1\" scope=\"col\" data-tablesaw-sortable-col>Mitgliederkategorie<\/th><th id=\"pp-table-col-2\" scope=\"col\" data-tablesaw-sortable-col>Jahresbeitrag<\/th>\t\t<\/tr>\n\t<\/thead>\n\t\t<tbody>\n\t\t<tr><td>Mitglied<\/td><td>CHF 300.-<\/td><\/tr><tr><td>G\u00f6nner GOLD<\/td><td>CHF 3&#8217;000.-<\/td><\/tr><tr><td>G\u00f6nner SILBER<\/td><td>CHF 2&#8217;000.-<\/td><\/tr><tr><td>G\u00f6nner BRONZE<\/td><td>CHF 1&#8217;000.-<\/td><\/tr>\t<\/tbody>\n<\/table>\n\t<p>Nebst dem normalen Jahresprogramm werden die Mitglieder der drei G\u00f6nnerkategorien zu einem weiteren Event eingeladen. Es handelt sich dabei um einen gemeinsamen Anlass mit dem Vorstand, bei dem vor allem die Kameradschaft gepflegt wird.<\/p>\n\t\t\t<a href=\"https:\/\/club95-stv-fsg.ch\/fr\/news\/\" target=\"_self\" rel=\"noopener\">\n\t\t\t\t<h3>News<\/h3>\n\t\t\t<p>Aktuelles aus dem Clubleben!<\/p>\t\t\n\t\t<\/a>\n\t<a href=\"https:\/\/club95-stv-fsg.ch\/fr\/kontakt\/\" target=\"_self\" role=\"button\" aria-label=\"Werde Mitglied oder G\u00f6nner\" rel=\"noopener\">\n\t\t\t\tWerde Mitglied oder G\u00f6nner\n\t\t\t<\/a>","protected":false},"excerpt":{"rendered":"<p>Neue Beitragssstruktur ab 2022 Die Mitgliederbeitr\u00e4ge (Mitglied und G\u00f6nner) werden gem\u00e4ss Statuten j\u00e4hrlich von der Clubversammlung f\u00fcr das Folgejahr festgelegt.Die Statuten sagen aus, dass die Zahl der Mitglieder das Maximum von 120 Personen nicht \u00fcbersteigen darf. Die Zahl der G\u00f6nner ist jedoch nach oben unbegrenzt.Die neue Beitragsstruktur ab 2022 sieht wie folgt aus: Mitgliederkategorie Jahresbeitrag&hellip;<\/p>","protected":false},"author":1,"featured_media":0,"parent":0,"menu_order":0,"comment_status":"closed","ping_status":"closed","template":"","meta":{"footnotes":""},"class_list":["post-321","page","type-page","status-publish","hentry"],"yoast_head":"<!-- This site is optimized with the Yoast SEO plugin v27.4 - https:\/\/yoast.com\/product\/yoast-seo-wordpress\/ -->\n<title>Beitr\u00e4ge - Club 95<\/title>\n<meta name=\"description\" content=\"Die Mitgliederbeitr\u00e4ge (Mitglied und G\u00f6nner) werden gem\u00e4ss Statuten j\u00e4hrlich von der Clubversammlung festgelegt.\" \/>\n<meta name=\"robots\" content=\"index, follow, max-snippet:-1, max-image-preview:large, max-video-preview:-1\" \/>\n<link rel=\"canonical\" href=\"https:\/\/club95-stv-fsg.ch\/fr\/beitraege\/\" \/>\n<meta property=\"og:locale\" content=\"fr_FR\" \/>\n<meta property=\"og:type\" content=\"article\" \/>\n<meta property=\"og:title\" content=\"Beitr\u00e4ge - Club 95\" \/>\n<meta property=\"og:description\" content=\"Die Mitgliederbeitr\u00e4ge (Mitglied und G\u00f6nner) werden gem\u00e4ss Statuten j\u00e4hrlich von der Clubversammlung festgelegt.\" \/>\n<meta property=\"og:url\" content=\"https:\/\/club95-stv-fsg.ch\/fr\/beitraege\/\" \/>\n<meta property=\"og:site_name\" content=\"Club 95\" \/>\n<meta property=\"article:modified_time\" content=\"2021-10-20T13:58:26+00:00\" \/>\n<meta name=\"twitter:card\" content=\"summary_large_image\" \/>\n<meta name=\"twitter:label1\" content=\"Dur\u00e9e de lecture estim\u00e9e\" \/>\n\t<meta name=\"twitter:data1\" content=\"1 minute\" \/>\n<script type=\"application\/ld+json\" class=\"yoast-schema-graph\">{\"@context\":\"https:\\\/\\\/schema.org\",\"@graph\":[{\"@type\":\"WebPage\",\"@id\":\"https:\\\/\\\/club95-stv-fsg.ch\\\/beitraege\\\/\",\"url\":\"https:\\\/\\\/club95-stv-fsg.ch\\\/beitraege\\\/\",\"name\":\"Beitr\u00e4ge - Club 95\",\"isPartOf\":{\"@id\":\"https:\\\/\\\/club95-stv-fsg.ch\\\/#website\"},\"datePublished\":\"2021-09-14T09:43:04+00:00\",\"dateModified\":\"2021-10-20T13:58:26+00:00\",\"description\":\"Die Mitgliederbeitr\u00e4ge (Mitglied und G\u00f6nner) werden gem\u00e4ss Statuten j\u00e4hrlich von der Clubversammlung festgelegt.\",\"breadcrumb\":{\"@id\":\"https:\\\/\\\/club95-stv-fsg.ch\\\/beitraege\\\/#breadcrumb\"},\"inLanguage\":\"fr-FR\",\"potentialAction\":[{\"@type\":\"ReadAction\",\"target\":[\"https:\\\/\\\/club95-stv-fsg.ch\\\/beitraege\\\/\"]}]},{\"@type\":\"BreadcrumbList\",\"@id\":\"https:\\\/\\\/club95-stv-fsg.ch\\\/beitraege\\\/#breadcrumb\",\"itemListElement\":[{\"@type\":\"ListItem\",\"position\":1,\"name\":\"Home\",\"item\":\"https:\\\/\\\/club95-stv-fsg.ch\\\/\"},{\"@type\":\"ListItem\",\"position\":2,\"name\":\"Beitr\u00e4ge\"}]},{\"@type\":\"WebSite\",\"@id\":\"https:\\\/\\\/club95-stv-fsg.ch\\\/#website\",\"url\":\"https:\\\/\\\/club95-stv-fsg.ch\\\/\",\"name\":\"Club 95\",\"description\":\"Club\u201995 ist der G\u00f6nner-Club des STV \\\/ FSG\",\"publisher\":{\"@id\":\"https:\\\/\\\/club95-stv-fsg.ch\\\/#organization\"},\"potentialAction\":[{\"@type\":\"SearchAction\",\"target\":{\"@type\":\"EntryPoint\",\"urlTemplate\":\"https:\\\/\\\/club95-stv-fsg.ch\\\/?s={search_term_string}\"},\"query-input\":{\"@type\":\"PropertyValueSpecification\",\"valueRequired\":true,\"valueName\":\"search_term_string\"}}],\"inLanguage\":\"fr-FR\"},{\"@type\":\"Organization\",\"@id\":\"https:\\\/\\\/club95-stv-fsg.ch\\\/#organization\",\"name\":\"Club'95\",\"url\":\"https:\\\/\\\/club95-stv-fsg.ch\\\/\",\"logo\":{\"@type\":\"ImageObject\",\"inLanguage\":\"fr-FR\",\"@id\":\"https:\\\/\\\/club95-stv-fsg.ch\\\/#\\\/schema\\\/logo\\\/image\\\/\",\"url\":\"https:\\\/\\\/club95-stv-fsg.ch\\\/wp-content\\\/uploads\\\/2021\\\/06\\\/Logo-Club95-web.jpg\",\"contentUrl\":\"https:\\\/\\\/club95-stv-fsg.ch\\\/wp-content\\\/uploads\\\/2021\\\/06\\\/Logo-Club95-web.jpg\",\"width\":600,\"height\":189,\"caption\":\"Club'95\"},\"image\":{\"@id\":\"https:\\\/\\\/club95-stv-fsg.ch\\\/#\\\/schema\\\/logo\\\/image\\\/\"}}]}<\/script>\n<!-- \/ Yoast SEO plugin. -->","yoast_head_json":{"title":"Beitr\u00e4ge - Club 95","description":"Die Mitgliederbeitr\u00e4ge (Mitglied und G\u00f6nner) werden gem\u00e4ss Statuten j\u00e4hrlich von der Clubversammlung festgelegt.","robots":{"index":"index","follow":"follow","max-snippet":"max-snippet:-1","max-image-preview":"max-image-preview:large","max-video-preview":"max-video-preview:-1"},"canonical":"https:\/\/club95-stv-fsg.ch\/fr\/beitraege\/","og_locale":"fr_FR","og_type":"article","og_title":"Beitr\u00e4ge - Club 95","og_description":"Die Mitgliederbeitr\u00e4ge (Mitglied und G\u00f6nner) werden gem\u00e4ss Statuten j\u00e4hrlich von der Clubversammlung festgelegt.","og_url":"https:\/\/club95-stv-fsg.ch\/fr\/beitraege\/","og_site_name":"Club 95","article_modified_time":"2021-10-20T13:58:26+00:00","twitter_card":"summary_large_image","twitter_misc":{"Dur\u00e9e de lecture estim\u00e9e":"1 minute"},"schema":{"@context":"https:\/\/schema.org","@graph":[{"@type":"WebPage","@id":"https:\/\/club95-stv-fsg.ch\/beitraege\/","url":"https:\/\/club95-stv-fsg.ch\/beitraege\/","name":"Beitr\u00e4ge - Club 95","isPartOf":{"@id":"https:\/\/club95-stv-fsg.ch\/#website"},"datePublished":"2021-09-14T09:43:04+00:00","dateModified":"2021-10-20T13:58:26+00:00","description":"Die Mitgliederbeitr\u00e4ge (Mitglied und G\u00f6nner) werden gem\u00e4ss Statuten j\u00e4hrlich von der Clubversammlung festgelegt.","breadcrumb":{"@id":"https:\/\/club95-stv-fsg.ch\/beitraege\/#breadcrumb"},"inLanguage":"fr-FR","potentialAction":[{"@type":"ReadAction","target":["https:\/\/club95-stv-fsg.ch\/beitraege\/"]}]},{"@type":"BreadcrumbList","@id":"https:\/\/club95-stv-fsg.ch\/beitraege\/#breadcrumb","itemListElement":[{"@type":"ListItem","position":1,"name":"Home","item":"https:\/\/club95-stv-fsg.ch\/"},{"@type":"ListItem","position":2,"name":"Beitr\u00e4ge"}]},{"@type":"WebSite","@id":"https:\/\/club95-stv-fsg.ch\/#website","url":"https:\/\/club95-stv-fsg.ch\/","name":"Club 95","description":"Club\u201995 ist der G\u00f6nner-Club des STV \/ FSG","publisher":{"@id":"https:\/\/club95-stv-fsg.ch\/#organization"},"potentialAction":[{"@type":"SearchAction","target":{"@type":"EntryPoint","urlTemplate":"https:\/\/club95-stv-fsg.ch\/?s={search_term_string}"},"query-input":{"@type":"PropertyValueSpecification","valueRequired":true,"valueName":"search_term_string"}}],"inLanguage":"fr-FR"},{"@type":"Organization","@id":"https:\/\/club95-stv-fsg.ch\/#organization","name":"Club'95","url":"https:\/\/club95-stv-fsg.ch\/","logo":{"@type":"ImageObject","inLanguage":"fr-FR","@id":"https:\/\/club95-stv-fsg.ch\/#\/schema\/logo\/image\/","url":"https:\/\/club95-stv-fsg.ch\/wp-content\/uploads\/2021\/06\/Logo-Club95-web.jpg","contentUrl":"https:\/\/club95-stv-fsg.ch\/wp-content\/uploads\/2021\/06\/Logo-Club95-web.jpg","width":600,"height":189,"caption":"Club'95"},"image":{"@id":"https:\/\/club95-stv-fsg.ch\/#\/schema\/logo\/image\/"}}]}},"_links":{"self":[{"href":"https:\/\/club95-stv-fsg.ch\/fr\/wp-json\/wp\/v2\/pages\/321","targetHints":{"allow":["GET"]}}],"collection":[{"href":"https:\/\/club95-stv-fsg.ch\/fr\/wp-json\/wp\/v2\/pages"}],"about":[{"href":"https:\/\/club95-stv-fsg.ch\/fr\/wp-json\/wp\/v2\/types\/page"}],"author":[{"embeddable":true,"href":"https:\/\/club95-stv-fsg.ch\/fr\/wp-json\/wp\/v2\/users\/1"}],"replies":[{"embeddable":true,"href":"https:\/\/club95-stv-fsg.ch\/fr\/wp-json\/wp\/v2\/comments?post=321"}],"version-history":[{"count":5,"href":"https:\/\/club95-stv-fsg.ch\/fr\/wp-json\/wp\/v2\/pages\/321\/revisions"}],"predecessor-version":[{"id":407,"href":"https:\/\/club95-stv-fsg.ch\/fr\/wp-json\/wp\/v2\/pages\/321\/revisions\/407"}],"wp:attachment":[{"href":"https:\/\/club95-stv-fsg.ch\/fr\/wp-json\/wp\/v2\/media?parent=321"}],"curies":[{"name":"wp","href":"https:\/\/api.w.org\/{rel}","templated":true}]}}