{"id":408,"date":"2021-10-20T16:01:58","date_gmt":"2021-10-20T14:01:58","guid":{"rendered":"https:\/\/club95-stv-fsg.ch\/?page_id=408"},"modified":"2026-03-09T09:14:51","modified_gmt":"2026-03-09T08:14:51","slug":"anlaesse","status":"publish","type":"page","link":"https:\/\/club95-stv-fsg.ch\/fr\/anlaesse\/","title":{"rendered":"Anl\u00e4sse"},"content":{"rendered":"<h1>\n\t\t\tClub&#8217;95-Anl\u00e4sse\n\t\t<\/h1>\n\t\t\t<p>Die Clubmitglieder erhalten vom Clubsekretariat (Heidy K\u00fcnzle,\u00a0club95.sekretariat@bluewin.ch) f\u00fcr jeden Anlass die Anmeldeunterlagen zugestellt.\u00a0<\/p>\t\t\n<table  data-tablesaw-minimap>\n\t\t\t<thead>\n\t\t<tr>\n\t\t\t<th id=\"pp-table-col-1\" scope=\"col\" data-tablesaw-sortable-col>\t\t\t\t\t\n\t\t\t\t\t\t\t\t\t\t\t\tDatum\t\t\t\t\t\n\t\t\t\t\t<\/th><th id=\"pp-table-col-2\" scope=\"col\" data-tablesaw-sortable-col>\t\t\t\t\t\n\t\t\t\t\t\t\t\t\t\t\t\tAnlass\t\t\t\t\t\n\t\t\t\t\t<\/th>\t\t<\/tr>\n\t<\/thead>\n\t\t<tbody>\n\t\t<tr data-row-index=\"1\"><td>Samstag, 10. Januar 2026<\/td><td>Gymotion im Hallenstadion Z\u00fcrich<\/td><\/tr><tr data-row-index=\"2\"><td>Donnerstag, 7. Mai 2026<\/td><td>G\u00f6nneranlass 2026<\/td><\/tr><tr data-row-index=\"3\"><td>Freitag, 22. Mai 2026<\/td><td>31. Clubversammlung in Thalwil ZH                                                              \n<br \/>(es erfolgt eine pers\u00f6nliche Einladung an alle Mitglieder)<\/td><\/tr><tr data-row-index=\"4\"><td>Samstag, 7. November 2026<\/td><td>Swiss Cup im Hallenstadion Z\u00fcrich<\/td><\/tr><tr data-row-index=\"5\"><td>Freitag, 21. Mai 2027<\/td><td>32. Clubversammlung in Ebnat-Kappel SG<\/td><\/tr><tr data-row-index=\"6\"><td>11. &#8211; 17. Juli 2027<\/td><td>Welt-Gymnaestrada in Lissabon, Portugal <br \/>Premieren-Termin Schweizer Abend steht noch nicht fest. <br \/>Der Vorstand plant, eine Clubreise nach Lissabon anzubieten<\/td><\/tr><tr data-row-index=\"7\"><td>Samstag, 15. Januar 2028<\/td><td>Gymotion im Hallenstation Z\u00fcrich<\/td><\/tr>\t<\/tbody>\n<\/table>\n\t\t\t<a href=\"https:\/\/club95-stv-fsg.ch\/fr\/news\/\" target=\"_self\">\n\t\t\t\t\t\t<h3>News<\/h3>\t\t\t\t\t\n\t\t\t<p>Aktuelles aus dem Clubleben!<\/p>\t\t\n\t\t<\/a>\n\t<a href=\"https:\/\/club95-stv-fsg.ch\/fr\/kontakt\/\" target=\"_self\" role=\"button\" aria-label=\"Werde Mitglied oder G\u00f6nner\">\n\t\t\t\t\t\tWerde Mitglied oder G\u00f6nner\n\t\t\t\t\t<\/a>","protected":false},"excerpt":{"rendered":"<p>Club&#8217;95-Anl\u00e4sse Die Clubmitglieder erhalten vom Clubsekretariat (Heidy K\u00fcnzle,\u00a0club95.sekretariat@bluewin.ch) f\u00fcr jeden Anlass die Anmeldeunterlagen zugestellt.\u00a0 Datum Anlass Samstag, 10. Januar 2026 Gymotion im Hallenstadion Z\u00fcrich Donnerstag, 7. Mai 2026 G\u00f6nneranlass 2026 Freitag, 22. Mai 2026 31. Clubversammlung in Thalwil ZH (es erfolgt eine pers\u00f6nliche Einladung an alle Mitglieder) Samstag, 7. November 2026 Swiss Cup im Hallenstadion&hellip;<\/p>","protected":false},"author":1,"featured_media":0,"parent":0,"menu_order":0,"comment_status":"closed","ping_status":"closed","template":"","meta":{"footnotes":""},"class_list":["post-408","page","type-page","status-publish","hentry"],"yoast_head":"<!-- This site is optimized with the Yoast SEO plugin v27.4 - https:\/\/yoast.com\/product\/yoast-seo-wordpress\/ -->\n<title>Anl\u00e4sse - Club 95<\/title>\n<meta name=\"description\" content=\"Clubmitglieder des Club&#039;95 erhalten f\u00fcr jeden Anlass von die Anmeldeunterlagen vom Clubsekretariat zugestellt.\" \/>\n<meta name=\"robots\" content=\"index, follow, max-snippet:-1, max-image-preview:large, max-video-preview:-1\" \/>\n<link rel=\"canonical\" href=\"https:\/\/club95-stv-fsg.ch\/fr\/anlaesse\/\" \/>\n<meta property=\"og:locale\" content=\"fr_FR\" \/>\n<meta property=\"og:type\" content=\"article\" \/>\n<meta property=\"og:title\" content=\"Anl\u00e4sse - Club 95\" \/>\n<meta property=\"og:description\" content=\"Clubmitglieder des Club&#039;95 erhalten f\u00fcr jeden Anlass von die Anmeldeunterlagen vom Clubsekretariat zugestellt.\" \/>\n<meta property=\"og:url\" content=\"https:\/\/club95-stv-fsg.ch\/fr\/anlaesse\/\" \/>\n<meta property=\"og:site_name\" content=\"Club 95\" \/>\n<meta property=\"article:modified_time\" content=\"2026-03-09T08:14:51+00:00\" \/>\n<meta name=\"twitter:card\" content=\"summary_large_image\" \/>\n<meta name=\"twitter:label1\" content=\"Dur\u00e9e de lecture estim\u00e9e\" \/>\n\t<meta name=\"twitter:data1\" content=\"1 minute\" \/>\n<script type=\"application\/ld+json\" class=\"yoast-schema-graph\">{\"@context\":\"https:\\\/\\\/schema.org\",\"@graph\":[{\"@type\":\"WebPage\",\"@id\":\"https:\\\/\\\/club95-stv-fsg.ch\\\/anlaesse\\\/\",\"url\":\"https:\\\/\\\/club95-stv-fsg.ch\\\/anlaesse\\\/\",\"name\":\"Anl\u00e4sse - Club 95\",\"isPartOf\":{\"@id\":\"https:\\\/\\\/club95-stv-fsg.ch\\\/#website\"},\"datePublished\":\"2021-10-20T14:01:58+00:00\",\"dateModified\":\"2026-03-09T08:14:51+00:00\",\"description\":\"Clubmitglieder des Club'95 erhalten f\u00fcr jeden Anlass von die Anmeldeunterlagen vom Clubsekretariat zugestellt.\",\"breadcrumb\":{\"@id\":\"https:\\\/\\\/club95-stv-fsg.ch\\\/anlaesse\\\/#breadcrumb\"},\"inLanguage\":\"fr-FR\",\"potentialAction\":[{\"@type\":\"ReadAction\",\"target\":[\"https:\\\/\\\/club95-stv-fsg.ch\\\/anlaesse\\\/\"]}]},{\"@type\":\"BreadcrumbList\",\"@id\":\"https:\\\/\\\/club95-stv-fsg.ch\\\/anlaesse\\\/#breadcrumb\",\"itemListElement\":[{\"@type\":\"ListItem\",\"position\":1,\"name\":\"Home\",\"item\":\"https:\\\/\\\/club95-stv-fsg.ch\\\/\"},{\"@type\":\"ListItem\",\"position\":2,\"name\":\"Anl\u00e4sse\"}]},{\"@type\":\"WebSite\",\"@id\":\"https:\\\/\\\/club95-stv-fsg.ch\\\/#website\",\"url\":\"https:\\\/\\\/club95-stv-fsg.ch\\\/\",\"name\":\"Club 95\",\"description\":\"Club\u201995 ist der G\u00f6nner-Club des STV \\\/ FSG\",\"publisher\":{\"@id\":\"https:\\\/\\\/club95-stv-fsg.ch\\\/#organization\"},\"potentialAction\":[{\"@type\":\"SearchAction\",\"target\":{\"@type\":\"EntryPoint\",\"urlTemplate\":\"https:\\\/\\\/club95-stv-fsg.ch\\\/?s={search_term_string}\"},\"query-input\":{\"@type\":\"PropertyValueSpecification\",\"valueRequired\":true,\"valueName\":\"search_term_string\"}}],\"inLanguage\":\"fr-FR\"},{\"@type\":\"Organization\",\"@id\":\"https:\\\/\\\/club95-stv-fsg.ch\\\/#organization\",\"name\":\"Club'95\",\"url\":\"https:\\\/\\\/club95-stv-fsg.ch\\\/\",\"logo\":{\"@type\":\"ImageObject\",\"inLanguage\":\"fr-FR\",\"@id\":\"https:\\\/\\\/club95-stv-fsg.ch\\\/#\\\/schema\\\/logo\\\/image\\\/\",\"url\":\"https:\\\/\\\/club95-stv-fsg.ch\\\/wp-content\\\/uploads\\\/2021\\\/06\\\/Logo-Club95-web.jpg\",\"contentUrl\":\"https:\\\/\\\/club95-stv-fsg.ch\\\/wp-content\\\/uploads\\\/2021\\\/06\\\/Logo-Club95-web.jpg\",\"width\":600,\"height\":189,\"caption\":\"Club'95\"},\"image\":{\"@id\":\"https:\\\/\\\/club95-stv-fsg.ch\\\/#\\\/schema\\\/logo\\\/image\\\/\"}}]}<\/script>\n<!-- \/ Yoast SEO plugin. -->","yoast_head_json":{"title":"Anl\u00e4sse - Club 95","description":"Clubmitglieder des Club'95 erhalten f\u00fcr jeden Anlass von die Anmeldeunterlagen vom Clubsekretariat zugestellt.","robots":{"index":"index","follow":"follow","max-snippet":"max-snippet:-1","max-image-preview":"max-image-preview:large","max-video-preview":"max-video-preview:-1"},"canonical":"https:\/\/club95-stv-fsg.ch\/fr\/anlaesse\/","og_locale":"fr_FR","og_type":"article","og_title":"Anl\u00e4sse - Club 95","og_description":"Clubmitglieder des Club'95 erhalten f\u00fcr jeden Anlass von die Anmeldeunterlagen vom Clubsekretariat zugestellt.","og_url":"https:\/\/club95-stv-fsg.ch\/fr\/anlaesse\/","og_site_name":"Club 95","article_modified_time":"2026-03-09T08:14:51+00:00","twitter_card":"summary_large_image","twitter_misc":{"Dur\u00e9e de lecture estim\u00e9e":"1 minute"},"schema":{"@context":"https:\/\/schema.org","@graph":[{"@type":"WebPage","@id":"https:\/\/club95-stv-fsg.ch\/anlaesse\/","url":"https:\/\/club95-stv-fsg.ch\/anlaesse\/","name":"Anl\u00e4sse - Club 95","isPartOf":{"@id":"https:\/\/club95-stv-fsg.ch\/#website"},"datePublished":"2021-10-20T14:01:58+00:00","dateModified":"2026-03-09T08:14:51+00:00","description":"Clubmitglieder des Club'95 erhalten f\u00fcr jeden Anlass von die Anmeldeunterlagen vom Clubsekretariat zugestellt.","breadcrumb":{"@id":"https:\/\/club95-stv-fsg.ch\/anlaesse\/#breadcrumb"},"inLanguage":"fr-FR","potentialAction":[{"@type":"ReadAction","target":["https:\/\/club95-stv-fsg.ch\/anlaesse\/"]}]},{"@type":"BreadcrumbList","@id":"https:\/\/club95-stv-fsg.ch\/anlaesse\/#breadcrumb","itemListElement":[{"@type":"ListItem","position":1,"name":"Home","item":"https:\/\/club95-stv-fsg.ch\/"},{"@type":"ListItem","position":2,"name":"Anl\u00e4sse"}]},{"@type":"WebSite","@id":"https:\/\/club95-stv-fsg.ch\/#website","url":"https:\/\/club95-stv-fsg.ch\/","name":"Club 95","description":"Club\u201995 ist der G\u00f6nner-Club des STV \/ FSG","publisher":{"@id":"https:\/\/club95-stv-fsg.ch\/#organization"},"potentialAction":[{"@type":"SearchAction","target":{"@type":"EntryPoint","urlTemplate":"https:\/\/club95-stv-fsg.ch\/?s={search_term_string}"},"query-input":{"@type":"PropertyValueSpecification","valueRequired":true,"valueName":"search_term_string"}}],"inLanguage":"fr-FR"},{"@type":"Organization","@id":"https:\/\/club95-stv-fsg.ch\/#organization","name":"Club'95","url":"https:\/\/club95-stv-fsg.ch\/","logo":{"@type":"ImageObject","inLanguage":"fr-FR","@id":"https:\/\/club95-stv-fsg.ch\/#\/schema\/logo\/image\/","url":"https:\/\/club95-stv-fsg.ch\/wp-content\/uploads\/2021\/06\/Logo-Club95-web.jpg","contentUrl":"https:\/\/club95-stv-fsg.ch\/wp-content\/uploads\/2021\/06\/Logo-Club95-web.jpg","width":600,"height":189,"caption":"Club'95"},"image":{"@id":"https:\/\/club95-stv-fsg.ch\/#\/schema\/logo\/image\/"}}]}},"_links":{"self":[{"href":"https:\/\/club95-stv-fsg.ch\/fr\/wp-json\/wp\/v2\/pages\/408","targetHints":{"allow":["GET"]}}],"collection":[{"href":"https:\/\/club95-stv-fsg.ch\/fr\/wp-json\/wp\/v2\/pages"}],"about":[{"href":"https:\/\/club95-stv-fsg.ch\/fr\/wp-json\/wp\/v2\/types\/page"}],"author":[{"embeddable":true,"href":"https:\/\/club95-stv-fsg.ch\/fr\/wp-json\/wp\/v2\/users\/1"}],"replies":[{"embeddable":true,"href":"https:\/\/club95-stv-fsg.ch\/fr\/wp-json\/wp\/v2\/comments?post=408"}],"version-history":[{"count":5,"href":"https:\/\/club95-stv-fsg.ch\/fr\/wp-json\/wp\/v2\/pages\/408\/revisions"}],"predecessor-version":[{"id":925,"href":"https:\/\/club95-stv-fsg.ch\/fr\/wp-json\/wp\/v2\/pages\/408\/revisions\/925"}],"wp:attachment":[{"href":"https:\/\/club95-stv-fsg.ch\/fr\/wp-json\/wp\/v2\/media?parent=408"}],"curies":[{"name":"wp","href":"https:\/\/api.w.org\/{rel}","templated":true}]}}