{"id":76,"date":"2021-06-03T10:17:15","date_gmt":"2021-06-03T08:17:15","guid":{"rendered":"http:\/\/club95-stv-fsg.ch.zeppelin.ch-meta.net\/?page_id=76"},"modified":"2025-12-19T13:18:43","modified_gmt":"2025-12-19T12:18:43","slug":"club95","status":"publish","type":"page","link":"https:\/\/club95-stv-fsg.ch\/fr\/club95\/","title":{"rendered":"Club&#8217;95"},"content":{"rendered":"<h1>\n\t\t\tClub&#8217;95\n\t\t<\/h1>\n\t\t\t<p>Nach einer Vorlaufzeit von rund zwei Jahren wurde der G\u00f6nner-Club des STV am 1. September 1995 im Diebenturm in Sursee gegr\u00fcndet. Damals noch unter dem Namen \u00abClub 200\u00bb.\u00a0Der erste Vorstand des Clubs&#8217;95 setzte sich wie folgt zusammen:<br \/>Dr. August Stolz, Pr\u00e4sident, Walter Bosshard, Vizepr\u00e4sident, Hansruedi Neeser, Finanzchef, Hans Frischknecht, AktuarBereits im Jahr 1998 wurde der Name Club 200 in den Clubnamen Club&#8217;95 umgetauft. Man liess sich von der Idee leiten, dass dieser Name sowohl auf das Gr\u00fcndungsjahr oder wenn alles gut l\u00e4uft auf die Maximalzahl der Mitglieder abgeleitet werden kann. Heute hat der Club&#8217;95 jedoch bereits rund 120 Mitglieder.\u00a0Der Club&#8217;95, der im Jahr 2020, sein 25-Jahr-Jubil\u00e4um feiern durfte, ist f\u00fcr den STV eine Erfolgsgeschichte. Leider konnte die Jubil\u00e4umsversammlung wegen dem Coronavirus nicht stattfinden. Eine kleine w\u00fcrdige Feier wurde dann 2021 am Gr\u00fcndungsort Sursee nachgeholt.<\/p>\t\t\n\t\t\t<a href=\"https:\/\/club95-stv-fsg.ch\/fr\/news\/\" target=\"_self\">\n\t\t\t\t\t\t<h3>News<\/h3>\t\t\t\t\t\n\t\t\t<p>Aktuelles aus dem Clubleben!<\/p>\t\t\n\t\t<\/a>\n\t<a href=\"https:\/\/club95-stv-fsg.ch\/wp-content\/uploads\/2023\/08\/Neue-Statuten-Club95-2023.pdf\" target=\"_blank\" role=\"button\" rel=\"noopener\" aria-label=\"statuts\">\n\t\t\t\t\t\tstatuts\n\t\t\t\t\t<\/a>\n\t<a href=\"https:\/\/club95-stv-fsg.ch\/wp-content\/uploads\/2021\/06\/DEF_Logo-Club95-web-scaled.jpg\" target=\"_blank\" role=\"button\" rel=\"noopener\" aria-label=\"logo\">\n\t\t\t\t\t\tlogo\n\t\t\t\t\t<\/a>\n\t<a href=\"https:\/\/club95-stv-fsg.ch\/fr\/clubgeschichte\/\" target=\"_self\" role=\"button\" aria-label=\"histoire\">\n\t\t\t\t\t\thistoire\n\t\t\t\t\t<\/a>\n\t\t<h4>\n\t\t\tVorstands\u00e4nderung (Club&#8217;95) <br \/>Foto mit neuem Vorstand nach Clubversammlung vom 12.5.2023 in Lenzburg:\n\t\t<\/h4>\n\t\t\t<p>Pr\u00e9sident: Gery Meier<br \/>Vizepr\u00e4sident: Erwin Grossenbacher<br \/>Finanzen: Heinz Glaus<br \/>Secr\u00e9tariat: Heidy K\u00fcnzle-Beck<br \/>Beisitzerin: Brigitte H\u00e4ni<br \/>Beisitzerin: Ruth Binggeliv.l.n.r.: Erwin Grossenbacher, Brigitte H\u00e4ni, Gery Meier, Heidy K\u00fcnzle-Beck, Ruth Binggeli, Heinz Glaus<\/p>\t\t\n\t\t\t\t\t\t\t\t\t<img loading=\"lazy\" decoding=\"async\" src=\"https:\/\/club95-stv-fsg.ch\/wp-content\/uploads\/2023\/05\/club95_clubversammlung_2023_lenzburg_vorstand.jpg\" alt=\"Von links nach rechts: Erwin Grossenbacher, Brigitte H\u00e4ni, Heidy K\u00fcnzle, Gery Meier, Ruth Binggeli (neu), Heinz Glaus\" itemprop=\"image\" height=\"563\" width=\"1000\" srcset=\"https:\/\/club95-stv-fsg.ch\/wp-content\/uploads\/2023\/05\/club95_clubversammlung_2023_lenzburg_vorstand.jpg 1000w, https:\/\/club95-stv-fsg.ch\/wp-content\/uploads\/2023\/05\/club95_clubversammlung_2023_lenzburg_vorstand-300x169.jpg 300w, https:\/\/club95-stv-fsg.ch\/wp-content\/uploads\/2023\/05\/club95_clubversammlung_2023_lenzburg_vorstand-768x432.jpg 768w, https:\/\/club95-stv-fsg.ch\/wp-content\/uploads\/2023\/05\/club95_clubversammlung_2023_lenzburg_vorstand-18x10.jpg 18w\" sizes=\"auto, (max-width: 1000px) 100vw, 1000px\" title=\"club95_clubversammlung_2023_lenzburg_vorstand\" onerror=\"this.style.display='none'\"  \/>\n\t\t<h4>\n\t\t\tDer Vorstand 2021 noch mit Walter Bosshard:\n\t\t<\/h4>\n\t\t\tPr\u00e9sident: Gery Meier<br \/>\nVizepr\u00e4sident: Erwin Grossenbacher<br \/>\nFinanzen: Heinz Glaus<br \/>\nSecr\u00e9tariat: Heidy K\u00fcnzle-Beck<br \/>\nAssistant (vin des gymnastes): Walter Bosshard<br \/>\nBeisitzerin (besondere Aufgaben): Brigitte H\u00e4ni\n<p>v.l.n.r.: Heinz Glaus, Heidy K\u00fcnzle-Beck, Gery Meier, Walter Bosshard, Erwin Grossenbacher, Brigitte H\u00e4ni<\/p>\n\t\t\t\t\t\t\t\t\t<img loading=\"lazy\" decoding=\"async\" src=\"https:\/\/club95-stv-fsg.ch\/wp-content\/uploads\/2021\/10\/20210910_Vorstand.jpg\" alt=\"20210910_Vorstand\" itemprop=\"image\" height=\"470\" width=\"600\" srcset=\"https:\/\/club95-stv-fsg.ch\/wp-content\/uploads\/2021\/10\/20210910_Vorstand.jpg 600w, https:\/\/club95-stv-fsg.ch\/wp-content\/uploads\/2021\/10\/20210910_Vorstand-300x235.jpg 300w, https:\/\/club95-stv-fsg.ch\/wp-content\/uploads\/2021\/10\/20210910_Vorstand-15x12.jpg 15w\" sizes=\"auto, (max-width: 600px) 100vw, 600px\" title=\"20210910_Vorstand\" onerror=\"this.style.display='none'\"  \/>","protected":false},"excerpt":{"rendered":"<p>Club&#8217;95 Nach einer Vorlaufzeit von rund zwei Jahren wurde der G\u00f6nner-Club des STV am 1. September 1995 im Diebenturm in Sursee gegr\u00fcndet. Damals noch unter dem Namen \u00abClub 200\u00bb.\u00a0Der erste Vorstand des Clubs&#8217;95 setzte sich wie folgt zusammen:Dr. August Stolz, Pr\u00e4sident, Walter Bosshard, Vizepr\u00e4sident, Hansruedi Neeser, Finanzchef, Hans Frischknecht, AktuarBereits im Jahr 1998 wurde der&hellip;<\/p>","protected":false},"author":1,"featured_media":0,"parent":0,"menu_order":0,"comment_status":"closed","ping_status":"closed","template":"","meta":{"footnotes":""},"class_list":["post-76","page","type-page","status-publish","hentry"],"yoast_head":"<!-- This site is optimized with the Yoast SEO plugin v27.4 - https:\/\/yoast.com\/product\/yoast-seo-wordpress\/ -->\n<title>Club&#039;95 - Club 95<\/title>\n<meta name=\"description\" content=\"Der Club&#039;95 G\u00f6nner-Club des STV wurde am 1.9.1995 in Sursee gegr\u00fcndet. Vorstand: Gery Meier, Heinz Glaus, Heidy K\u00fcnzle-Beck, Walter Bosshard\" \/>\n<meta name=\"robots\" content=\"index, follow, max-snippet:-1, max-image-preview:large, max-video-preview:-1\" \/>\n<link rel=\"canonical\" href=\"https:\/\/club95-stv-fsg.ch\/fr\/club95\/\" \/>\n<meta property=\"og:locale\" content=\"fr_FR\" \/>\n<meta property=\"og:type\" content=\"article\" \/>\n<meta property=\"og:title\" content=\"Club&#039;95 - Club 95\" \/>\n<meta property=\"og:description\" content=\"Der Club&#039;95 G\u00f6nner-Club des STV wurde am 1.9.1995 in Sursee gegr\u00fcndet. Vorstand: Gery Meier, Heinz Glaus, Heidy K\u00fcnzle-Beck, Walter Bosshard\" \/>\n<meta property=\"og:url\" content=\"https:\/\/club95-stv-fsg.ch\/fr\/club95\/\" \/>\n<meta property=\"og:site_name\" content=\"Club 95\" \/>\n<meta property=\"article:modified_time\" content=\"2025-12-19T12:18:43+00:00\" \/>\n<meta property=\"og:image\" content=\"https:\/\/club95-stv-fsg.ch\/wp-content\/uploads\/2023\/05\/club95_clubversammlung_2023_lenzburg_vorstand.jpg\" \/>\n<meta name=\"twitter:card\" content=\"summary_large_image\" \/>\n<meta name=\"twitter:label1\" content=\"Dur\u00e9e de lecture estim\u00e9e\" \/>\n\t<meta name=\"twitter:data1\" content=\"2 minutes\" \/>\n<script type=\"application\/ld+json\" class=\"yoast-schema-graph\">{\"@context\":\"https:\\\/\\\/schema.org\",\"@graph\":[{\"@type\":\"WebPage\",\"@id\":\"https:\\\/\\\/club95-stv-fsg.ch\\\/club95\\\/\",\"url\":\"https:\\\/\\\/club95-stv-fsg.ch\\\/club95\\\/\",\"name\":\"Club'95 - Club 95\",\"isPartOf\":{\"@id\":\"https:\\\/\\\/club95-stv-fsg.ch\\\/#website\"},\"primaryImageOfPage\":{\"@id\":\"https:\\\/\\\/club95-stv-fsg.ch\\\/club95\\\/#primaryimage\"},\"image\":{\"@id\":\"https:\\\/\\\/club95-stv-fsg.ch\\\/club95\\\/#primaryimage\"},\"thumbnailUrl\":\"https:\\\/\\\/club95-stv-fsg.ch\\\/wp-content\\\/uploads\\\/2023\\\/05\\\/club95_clubversammlung_2023_lenzburg_vorstand.jpg\",\"datePublished\":\"2021-06-03T08:17:15+00:00\",\"dateModified\":\"2025-12-19T12:18:43+00:00\",\"description\":\"Der Club'95 G\u00f6nner-Club des STV wurde am 1.9.1995 in Sursee gegr\u00fcndet. Vorstand: Gery Meier, Heinz Glaus, Heidy K\u00fcnzle-Beck, Walter Bosshard\",\"breadcrumb\":{\"@id\":\"https:\\\/\\\/club95-stv-fsg.ch\\\/club95\\\/#breadcrumb\"},\"inLanguage\":\"fr-FR\",\"potentialAction\":[{\"@type\":\"ReadAction\",\"target\":[\"https:\\\/\\\/club95-stv-fsg.ch\\\/club95\\\/\"]}]},{\"@type\":\"ImageObject\",\"inLanguage\":\"fr-FR\",\"@id\":\"https:\\\/\\\/club95-stv-fsg.ch\\\/club95\\\/#primaryimage\",\"url\":\"https:\\\/\\\/club95-stv-fsg.ch\\\/wp-content\\\/uploads\\\/2023\\\/05\\\/club95_clubversammlung_2023_lenzburg_vorstand.jpg\",\"contentUrl\":\"https:\\\/\\\/club95-stv-fsg.ch\\\/wp-content\\\/uploads\\\/2023\\\/05\\\/club95_clubversammlung_2023_lenzburg_vorstand.jpg\"},{\"@type\":\"BreadcrumbList\",\"@id\":\"https:\\\/\\\/club95-stv-fsg.ch\\\/club95\\\/#breadcrumb\",\"itemListElement\":[{\"@type\":\"ListItem\",\"position\":1,\"name\":\"Home\",\"item\":\"https:\\\/\\\/club95-stv-fsg.ch\\\/\"},{\"@type\":\"ListItem\",\"position\":2,\"name\":\"Club&#8217;95\"}]},{\"@type\":\"WebSite\",\"@id\":\"https:\\\/\\\/club95-stv-fsg.ch\\\/#website\",\"url\":\"https:\\\/\\\/club95-stv-fsg.ch\\\/\",\"name\":\"Club 95\",\"description\":\"Club\u201995 ist der G\u00f6nner-Club des STV \\\/ FSG\",\"publisher\":{\"@id\":\"https:\\\/\\\/club95-stv-fsg.ch\\\/#organization\"},\"potentialAction\":[{\"@type\":\"SearchAction\",\"target\":{\"@type\":\"EntryPoint\",\"urlTemplate\":\"https:\\\/\\\/club95-stv-fsg.ch\\\/?s={search_term_string}\"},\"query-input\":{\"@type\":\"PropertyValueSpecification\",\"valueRequired\":true,\"valueName\":\"search_term_string\"}}],\"inLanguage\":\"fr-FR\"},{\"@type\":\"Organization\",\"@id\":\"https:\\\/\\\/club95-stv-fsg.ch\\\/#organization\",\"name\":\"Club'95\",\"url\":\"https:\\\/\\\/club95-stv-fsg.ch\\\/\",\"logo\":{\"@type\":\"ImageObject\",\"inLanguage\":\"fr-FR\",\"@id\":\"https:\\\/\\\/club95-stv-fsg.ch\\\/#\\\/schema\\\/logo\\\/image\\\/\",\"url\":\"https:\\\/\\\/club95-stv-fsg.ch\\\/wp-content\\\/uploads\\\/2021\\\/06\\\/Logo-Club95-web.jpg\",\"contentUrl\":\"https:\\\/\\\/club95-stv-fsg.ch\\\/wp-content\\\/uploads\\\/2021\\\/06\\\/Logo-Club95-web.jpg\",\"width\":600,\"height\":189,\"caption\":\"Club'95\"},\"image\":{\"@id\":\"https:\\\/\\\/club95-stv-fsg.ch\\\/#\\\/schema\\\/logo\\\/image\\\/\"}}]}<\/script>\n<!-- \/ Yoast SEO plugin. -->","yoast_head_json":{"title":"Club'95 - Club 95","description":"Der Club'95 G\u00f6nner-Club des STV wurde am 1.9.1995 in Sursee gegr\u00fcndet. Vorstand: Gery Meier, Heinz Glaus, Heidy K\u00fcnzle-Beck, Walter Bosshard","robots":{"index":"index","follow":"follow","max-snippet":"max-snippet:-1","max-image-preview":"max-image-preview:large","max-video-preview":"max-video-preview:-1"},"canonical":"https:\/\/club95-stv-fsg.ch\/fr\/club95\/","og_locale":"fr_FR","og_type":"article","og_title":"Club'95 - Club 95","og_description":"Der Club'95 G\u00f6nner-Club des STV wurde am 1.9.1995 in Sursee gegr\u00fcndet. Vorstand: Gery Meier, Heinz Glaus, Heidy K\u00fcnzle-Beck, Walter Bosshard","og_url":"https:\/\/club95-stv-fsg.ch\/fr\/club95\/","og_site_name":"Club 95","article_modified_time":"2025-12-19T12:18:43+00:00","og_image":[{"url":"https:\/\/club95-stv-fsg.ch\/wp-content\/uploads\/2023\/05\/club95_clubversammlung_2023_lenzburg_vorstand.jpg","type":"","width":"","height":""}],"twitter_card":"summary_large_image","twitter_misc":{"Dur\u00e9e de lecture estim\u00e9e":"2 minutes"},"schema":{"@context":"https:\/\/schema.org","@graph":[{"@type":"WebPage","@id":"https:\/\/club95-stv-fsg.ch\/club95\/","url":"https:\/\/club95-stv-fsg.ch\/club95\/","name":"Club'95 - Club 95","isPartOf":{"@id":"https:\/\/club95-stv-fsg.ch\/#website"},"primaryImageOfPage":{"@id":"https:\/\/club95-stv-fsg.ch\/club95\/#primaryimage"},"image":{"@id":"https:\/\/club95-stv-fsg.ch\/club95\/#primaryimage"},"thumbnailUrl":"https:\/\/club95-stv-fsg.ch\/wp-content\/uploads\/2023\/05\/club95_clubversammlung_2023_lenzburg_vorstand.jpg","datePublished":"2021-06-03T08:17:15+00:00","dateModified":"2025-12-19T12:18:43+00:00","description":"Der Club'95 G\u00f6nner-Club des STV wurde am 1.9.1995 in Sursee gegr\u00fcndet. Vorstand: Gery Meier, Heinz Glaus, Heidy K\u00fcnzle-Beck, Walter Bosshard","breadcrumb":{"@id":"https:\/\/club95-stv-fsg.ch\/club95\/#breadcrumb"},"inLanguage":"fr-FR","potentialAction":[{"@type":"ReadAction","target":["https:\/\/club95-stv-fsg.ch\/club95\/"]}]},{"@type":"ImageObject","inLanguage":"fr-FR","@id":"https:\/\/club95-stv-fsg.ch\/club95\/#primaryimage","url":"https:\/\/club95-stv-fsg.ch\/wp-content\/uploads\/2023\/05\/club95_clubversammlung_2023_lenzburg_vorstand.jpg","contentUrl":"https:\/\/club95-stv-fsg.ch\/wp-content\/uploads\/2023\/05\/club95_clubversammlung_2023_lenzburg_vorstand.jpg"},{"@type":"BreadcrumbList","@id":"https:\/\/club95-stv-fsg.ch\/club95\/#breadcrumb","itemListElement":[{"@type":"ListItem","position":1,"name":"Home","item":"https:\/\/club95-stv-fsg.ch\/"},{"@type":"ListItem","position":2,"name":"Club&#8217;95"}]},{"@type":"WebSite","@id":"https:\/\/club95-stv-fsg.ch\/#website","url":"https:\/\/club95-stv-fsg.ch\/","name":"Club 95","description":"Club\u201995 ist der G\u00f6nner-Club des STV \/ FSG","publisher":{"@id":"https:\/\/club95-stv-fsg.ch\/#organization"},"potentialAction":[{"@type":"SearchAction","target":{"@type":"EntryPoint","urlTemplate":"https:\/\/club95-stv-fsg.ch\/?s={search_term_string}"},"query-input":{"@type":"PropertyValueSpecification","valueRequired":true,"valueName":"search_term_string"}}],"inLanguage":"fr-FR"},{"@type":"Organization","@id":"https:\/\/club95-stv-fsg.ch\/#organization","name":"Club'95","url":"https:\/\/club95-stv-fsg.ch\/","logo":{"@type":"ImageObject","inLanguage":"fr-FR","@id":"https:\/\/club95-stv-fsg.ch\/#\/schema\/logo\/image\/","url":"https:\/\/club95-stv-fsg.ch\/wp-content\/uploads\/2021\/06\/Logo-Club95-web.jpg","contentUrl":"https:\/\/club95-stv-fsg.ch\/wp-content\/uploads\/2021\/06\/Logo-Club95-web.jpg","width":600,"height":189,"caption":"Club'95"},"image":{"@id":"https:\/\/club95-stv-fsg.ch\/#\/schema\/logo\/image\/"}}]}},"_links":{"self":[{"href":"https:\/\/club95-stv-fsg.ch\/fr\/wp-json\/wp\/v2\/pages\/76","targetHints":{"allow":["GET"]}}],"collection":[{"href":"https:\/\/club95-stv-fsg.ch\/fr\/wp-json\/wp\/v2\/pages"}],"about":[{"href":"https:\/\/club95-stv-fsg.ch\/fr\/wp-json\/wp\/v2\/types\/page"}],"author":[{"embeddable":true,"href":"https:\/\/club95-stv-fsg.ch\/fr\/wp-json\/wp\/v2\/users\/1"}],"replies":[{"embeddable":true,"href":"https:\/\/club95-stv-fsg.ch\/fr\/wp-json\/wp\/v2\/comments?post=76"}],"version-history":[{"count":5,"href":"https:\/\/club95-stv-fsg.ch\/fr\/wp-json\/wp\/v2\/pages\/76\/revisions"}],"predecessor-version":[{"id":901,"href":"https:\/\/club95-stv-fsg.ch\/fr\/wp-json\/wp\/v2\/pages\/76\/revisions\/901"}],"wp:attachment":[{"href":"https:\/\/club95-stv-fsg.ch\/fr\/wp-json\/wp\/v2\/media?parent=76"}],"curies":[{"name":"wp","href":"https:\/\/api.w.org\/{rel}","templated":true}]}}