{"id":78,"date":"2021-06-03T10:17:15","date_gmt":"2021-06-03T08:17:15","guid":{"rendered":"http:\/\/club95-stv-fsg.ch.zeppelin.ch-meta.net\/?page_id=78"},"modified":"2025-09-15T14:28:35","modified_gmt":"2025-09-15T12:28:35","slug":"kontakt","status":"publish","type":"page","link":"https:\/\/club95-stv-fsg.ch\/fr\/kontakt\/","title":{"rendered":"contact"},"content":{"rendered":"\n\n\t\t<h1>\n\t\t\tKontaktiere uns!\n\t\t<\/h1>\n    <form id=\"wpforms-form-153\" data-formid=\"153\" method=\"post\" enctype=\"multipart\/form-data\" action=\"\/?page_id=78&#038;fl_builder\" data-token=\"a039e47cd3fae2e168e5237c38719302\" data-token-time=\"1757939315\">KontaktformularBitte aktiviere JavaScript in deinem Browser, um dieses Formular fertigzustellen.<label for=\"wpforms-153-field_0\">Name &amp; Vorname *<\/label><input type=\"text\" id=\"wpforms-153-field_0\" name=\"wpforms[fields][0][first]\" placeholder=\"Name\" required\/><label for=\"wpforms-153-field_0\">Vorname<\/label><input type=\"text\" id=\"wpforms-153-field_0-last\" name=\"wpforms[fields][0][last]\" placeholder=\"Vorname\" required\/><label for=\"wpforms-153-field_0-last\">Nachname<\/label><label for=\"wpforms-153-field_16\">Geburtsdatum *<\/label><input type=\"text\" id=\"wpforms-153-field_16\" data-rule-inputmask-incomplete=\"1\" data-inputmask-mask=\"99.99.9999\" name=\"wpforms[fields][16]\" placeholder=\"Geburtsdatum\" required\/><label for=\"wpforms-153-field_11\">Adresse, PLZ, Ort *<\/label><input type=\"text\" id=\"wpforms-153-field_11\" name=\"wpforms[fields][11]\" placeholder=\"Adresse, PLZ, Ort\" required\/><label for=\"wpforms-153-field_12\">Telefonnummer *<\/label><input type=\"number\" id=\"wpforms-153-field_12\" name=\"wpforms[fields][12]\" placeholder=\"Telefonnummer\" step=\"any\" required\/><label for=\"wpforms-153-field_1\">E-Mail *<\/label><input type=\"email\" id=\"wpforms-153-field_1\" name=\"wpforms[fields][1]\" placeholder=\"E-Mail\" spellcheck=\"false\" required\/><label for=\"wpforms-153-field_2\">Kommentar oder Nachricht<\/label><textarea id=\"wpforms-153-field_2\" name=\"wpforms[fields][2]\" placeholder=\"z.B. Beitritt per 01.01.2022\"><\/textarea><label for=\"wpforms-153-field_13\">Beitrittsgesuch &#8211; Ja, ich mache mit! <\/label><select id=\"wpforms-153-field_13\" name=\"wpforms[fields][13]\"><option value=\"bitte ausw\u00e4hlen\">bitte ausw\u00e4hlen<\/option><option value=\"CHF   300.- Mitgliederbeitrag\">CHF   300.- Mitgliederbeitrag<\/option><option value=\"CHF 3&#039;000.- G\u00f6nner GOLD\">CHF 3&#039;000.- G\u00f6nner GOLD<\/option><option value=\"CHF 2&#039;000.- G\u00f6nner SILBER\">CHF 2&#039;000.- G\u00f6nner SILBER<\/option><option value=\"CHF 1&#039;000.- G\u00f6nner BRONZE\">CHF 1&#039;000.- G\u00f6nner BRONZE<\/option><\/select><!-- .wpforms-field-container --><input type=\"hidden\" name=\"wpforms[id]\" value=\"153\"\/>\t\t\t<input type=\"hidden\"\n\t\t\t\tname=\"wpforms[nonce]\"\n\t\t\t\tvalue=\"5e2e821dea\"\n\t\t\t\/>\n\t\t\t<input type=\"hidden\" name=\"page_title\" value=\"Kontakt\"\/><input type=\"hidden\" name=\"page_url\" value=\"https:\/\/club95-stv-fsg.ch\/?page_id=78&#038;fl_builder\"\/><input type=\"hidden\" name=\"url_referer\" value=\"\"\/><input type=\"hidden\" name=\"page_id\" value=\"78\"\/><input type=\"hidden\" name=\"wpforms[post_id]\" value=\"78\"\/><button type=\"submit\" name=\"wpforms[submit]\" id=\"wpforms-submit-153\" data-alt-text=\"Senden...\" data-submit-text=\"Absenden\" aria-live=\"assertive\" value=\"wpforms-submit\">Absenden<\/button><\/form>  <!-- .wpforms-container -->\n\t\t\t<a href=\"https:\/\/club95-stv-fsg.ch\/news\/\" target=\"_self\">\n\t\t\t\t\t\t<h3>News<\/h3>\t\t\t\t\t\n\t\t\t<p>Aktuelles aus dem Clubleben!<\/p>\t\t\n\t\t<\/a>\n\n","protected":false},"excerpt":{"rendered":"<p>Kontaktiere uns! KontaktformularBitte aktiviere JavaScript in deinem Browser, um dieses Formular fertigzustellen.Name &amp; Vorname *VornameNachnameGeburtsdatum *Adresse, PLZ, Ort *Telefonnummer *E-Mail *Kommentar oder NachrichtBeitrittsgesuch &#8211; Ja, ich mache mit! bitte ausw\u00e4hlenCHF 300.- MitgliederbeitragCHF 3&#039;000.- G\u00f6nner GOLDCHF 2&#039;000.- G\u00f6nner SILBERCHF 1&#039;000.- G\u00f6nner BRONZE Absenden News Aktuelles aus dem Clubleben!<\/p>","protected":false},"author":1,"featured_media":0,"parent":0,"menu_order":0,"comment_status":"closed","ping_status":"closed","template":"","meta":{"footnotes":""},"class_list":["post-78","page","type-page","status-publish","hentry"],"yoast_head":"<!-- This site is optimized with the Yoast SEO plugin v27.4 - https:\/\/yoast.com\/product\/yoast-seo-wordpress\/ -->\n<title>Kontakt - Club 95<\/title>\n<meta name=\"robots\" content=\"index, follow, max-snippet:-1, max-image-preview:large, max-video-preview:-1\" \/>\n<link rel=\"canonical\" href=\"https:\/\/club95-stv-fsg.ch\/fr\/kontakt\/\" \/>\n<meta property=\"og:locale\" content=\"fr_FR\" \/>\n<meta property=\"og:type\" content=\"article\" \/>\n<meta property=\"og:title\" content=\"Kontakt - Club 95\" \/>\n<meta property=\"og:description\" content=\"Kontaktiere uns! KontaktformularBitte aktiviere JavaScript in deinem Browser, um dieses Formular fertigzustellen.Name &amp; Vorname *VornameNachnameGeburtsdatum *Adresse, PLZ, Ort *Telefonnummer *E-Mail *Kommentar oder NachrichtBeitrittsgesuch &#8211; Ja, ich mache mit! bitte ausw\u00e4hlenCHF 300.- MitgliederbeitragCHF 3&#039;000.- G\u00f6nner GOLDCHF 2&#039;000.- G\u00f6nner SILBERCHF 1&#039;000.- G\u00f6nner BRONZE Absenden News Aktuelles aus dem Clubleben!\" \/>\n<meta property=\"og:url\" content=\"https:\/\/club95-stv-fsg.ch\/fr\/kontakt\/\" \/>\n<meta property=\"og:site_name\" content=\"Club 95\" \/>\n<meta property=\"article:modified_time\" content=\"2025-09-15T12:28:35+00:00\" \/>\n<meta name=\"twitter:card\" content=\"summary_large_image\" \/>\n<script type=\"application\/ld+json\" class=\"yoast-schema-graph\">{\"@context\":\"https:\\\/\\\/schema.org\",\"@graph\":[{\"@type\":\"WebPage\",\"@id\":\"https:\\\/\\\/club95-stv-fsg.ch\\\/kontakt\\\/\",\"url\":\"https:\\\/\\\/club95-stv-fsg.ch\\\/kontakt\\\/\",\"name\":\"Kontakt - Club 95\",\"isPartOf\":{\"@id\":\"https:\\\/\\\/club95-stv-fsg.ch\\\/#website\"},\"datePublished\":\"2021-06-03T08:17:15+00:00\",\"dateModified\":\"2025-09-15T12:28:35+00:00\",\"breadcrumb\":{\"@id\":\"https:\\\/\\\/club95-stv-fsg.ch\\\/kontakt\\\/#breadcrumb\"},\"inLanguage\":\"fr-FR\",\"potentialAction\":[{\"@type\":\"ReadAction\",\"target\":[\"https:\\\/\\\/club95-stv-fsg.ch\\\/kontakt\\\/\"]}]},{\"@type\":\"BreadcrumbList\",\"@id\":\"https:\\\/\\\/club95-stv-fsg.ch\\\/kontakt\\\/#breadcrumb\",\"itemListElement\":[{\"@type\":\"ListItem\",\"position\":1,\"name\":\"Home\",\"item\":\"https:\\\/\\\/club95-stv-fsg.ch\\\/\"},{\"@type\":\"ListItem\",\"position\":2,\"name\":\"Kontakt\"}]},{\"@type\":\"WebSite\",\"@id\":\"https:\\\/\\\/club95-stv-fsg.ch\\\/#website\",\"url\":\"https:\\\/\\\/club95-stv-fsg.ch\\\/\",\"name\":\"Club 95\",\"description\":\"Club\u201995 ist der G\u00f6nner-Club des STV \\\/ FSG\",\"publisher\":{\"@id\":\"https:\\\/\\\/club95-stv-fsg.ch\\\/#organization\"},\"potentialAction\":[{\"@type\":\"SearchAction\",\"target\":{\"@type\":\"EntryPoint\",\"urlTemplate\":\"https:\\\/\\\/club95-stv-fsg.ch\\\/?s={search_term_string}\"},\"query-input\":{\"@type\":\"PropertyValueSpecification\",\"valueRequired\":true,\"valueName\":\"search_term_string\"}}],\"inLanguage\":\"fr-FR\"},{\"@type\":\"Organization\",\"@id\":\"https:\\\/\\\/club95-stv-fsg.ch\\\/#organization\",\"name\":\"Club'95\",\"url\":\"https:\\\/\\\/club95-stv-fsg.ch\\\/\",\"logo\":{\"@type\":\"ImageObject\",\"inLanguage\":\"fr-FR\",\"@id\":\"https:\\\/\\\/club95-stv-fsg.ch\\\/#\\\/schema\\\/logo\\\/image\\\/\",\"url\":\"https:\\\/\\\/club95-stv-fsg.ch\\\/wp-content\\\/uploads\\\/2021\\\/06\\\/Logo-Club95-web.jpg\",\"contentUrl\":\"https:\\\/\\\/club95-stv-fsg.ch\\\/wp-content\\\/uploads\\\/2021\\\/06\\\/Logo-Club95-web.jpg\",\"width\":600,\"height\":189,\"caption\":\"Club'95\"},\"image\":{\"@id\":\"https:\\\/\\\/club95-stv-fsg.ch\\\/#\\\/schema\\\/logo\\\/image\\\/\"}}]}<\/script>\n<!-- \/ Yoast SEO plugin. -->","yoast_head_json":{"title":"Kontakt - Club 95","robots":{"index":"index","follow":"follow","max-snippet":"max-snippet:-1","max-image-preview":"max-image-preview:large","max-video-preview":"max-video-preview:-1"},"canonical":"https:\/\/club95-stv-fsg.ch\/fr\/kontakt\/","og_locale":"fr_FR","og_type":"article","og_title":"Kontakt - Club 95","og_description":"Kontaktiere uns! KontaktformularBitte aktiviere JavaScript in deinem Browser, um dieses Formular fertigzustellen.Name &amp; Vorname *VornameNachnameGeburtsdatum *Adresse, PLZ, Ort *Telefonnummer *E-Mail *Kommentar oder NachrichtBeitrittsgesuch &#8211; Ja, ich mache mit! bitte ausw\u00e4hlenCHF 300.- MitgliederbeitragCHF 3&#039;000.- G\u00f6nner GOLDCHF 2&#039;000.- G\u00f6nner SILBERCHF 1&#039;000.- G\u00f6nner BRONZE Absenden News Aktuelles aus dem Clubleben!","og_url":"https:\/\/club95-stv-fsg.ch\/fr\/kontakt\/","og_site_name":"Club 95","article_modified_time":"2025-09-15T12:28:35+00:00","twitter_card":"summary_large_image","schema":{"@context":"https:\/\/schema.org","@graph":[{"@type":"WebPage","@id":"https:\/\/club95-stv-fsg.ch\/kontakt\/","url":"https:\/\/club95-stv-fsg.ch\/kontakt\/","name":"Kontakt - Club 95","isPartOf":{"@id":"https:\/\/club95-stv-fsg.ch\/#website"},"datePublished":"2021-06-03T08:17:15+00:00","dateModified":"2025-09-15T12:28:35+00:00","breadcrumb":{"@id":"https:\/\/club95-stv-fsg.ch\/kontakt\/#breadcrumb"},"inLanguage":"fr-FR","potentialAction":[{"@type":"ReadAction","target":["https:\/\/club95-stv-fsg.ch\/kontakt\/"]}]},{"@type":"BreadcrumbList","@id":"https:\/\/club95-stv-fsg.ch\/kontakt\/#breadcrumb","itemListElement":[{"@type":"ListItem","position":1,"name":"Home","item":"https:\/\/club95-stv-fsg.ch\/"},{"@type":"ListItem","position":2,"name":"Kontakt"}]},{"@type":"WebSite","@id":"https:\/\/club95-stv-fsg.ch\/#website","url":"https:\/\/club95-stv-fsg.ch\/","name":"Club 95","description":"Club\u201995 ist der G\u00f6nner-Club des STV \/ FSG","publisher":{"@id":"https:\/\/club95-stv-fsg.ch\/#organization"},"potentialAction":[{"@type":"SearchAction","target":{"@type":"EntryPoint","urlTemplate":"https:\/\/club95-stv-fsg.ch\/?s={search_term_string}"},"query-input":{"@type":"PropertyValueSpecification","valueRequired":true,"valueName":"search_term_string"}}],"inLanguage":"fr-FR"},{"@type":"Organization","@id":"https:\/\/club95-stv-fsg.ch\/#organization","name":"Club'95","url":"https:\/\/club95-stv-fsg.ch\/","logo":{"@type":"ImageObject","inLanguage":"fr-FR","@id":"https:\/\/club95-stv-fsg.ch\/#\/schema\/logo\/image\/","url":"https:\/\/club95-stv-fsg.ch\/wp-content\/uploads\/2021\/06\/Logo-Club95-web.jpg","contentUrl":"https:\/\/club95-stv-fsg.ch\/wp-content\/uploads\/2021\/06\/Logo-Club95-web.jpg","width":600,"height":189,"caption":"Club'95"},"image":{"@id":"https:\/\/club95-stv-fsg.ch\/#\/schema\/logo\/image\/"}}]}},"_links":{"self":[{"href":"https:\/\/club95-stv-fsg.ch\/fr\/wp-json\/wp\/v2\/pages\/78","targetHints":{"allow":["GET"]}}],"collection":[{"href":"https:\/\/club95-stv-fsg.ch\/fr\/wp-json\/wp\/v2\/pages"}],"about":[{"href":"https:\/\/club95-stv-fsg.ch\/fr\/wp-json\/wp\/v2\/types\/page"}],"author":[{"embeddable":true,"href":"https:\/\/club95-stv-fsg.ch\/fr\/wp-json\/wp\/v2\/users\/1"}],"replies":[{"embeddable":true,"href":"https:\/\/club95-stv-fsg.ch\/fr\/wp-json\/wp\/v2\/comments?post=78"}],"version-history":[{"count":5,"href":"https:\/\/club95-stv-fsg.ch\/fr\/wp-json\/wp\/v2\/pages\/78\/revisions"}],"predecessor-version":[{"id":886,"href":"https:\/\/club95-stv-fsg.ch\/fr\/wp-json\/wp\/v2\/pages\/78\/revisions\/886"}],"wp:attachment":[{"href":"https:\/\/club95-stv-fsg.ch\/fr\/wp-json\/wp\/v2\/media?parent=78"}],"curies":[{"name":"wp","href":"https:\/\/api.w.org\/{rel}","templated":true}]}}